{"id":2656,"date":"2024-12-10T02:25:35","date_gmt":"2024-12-10T02:25:35","guid":{"rendered":"https:\/\/vykmoquegua.com\/?post_type=product&#038;p=2656"},"modified":"2025-12-02T00:21:11","modified_gmt":"2025-12-02T00:21:11","slug":"prunex-1-fuxion","status":"publish","type":"product","link":"https:\/\/vykmoquegua.com\/index.php\/producto\/prunex-1-fuxion\/","title":{"rendered":"Prunex 1 &#8211; Fuxion"},"content":{"rendered":"<div class=\"col-md-12 col-sm-12 col-xs-12 detalleProductoDescripcion\">\n<p>T\u00e9 herbal a base de mix de fibras solubles y guind\u00f3n, conocidos como una alternativa eficaz en casos de molestias por tr\u00e1nsito intestinal lento que retrasan la respuesta saludable de tu organismo.<\/p>\n<\/div>\n<div class=\"col-md-12 col-sm-12 detalleProductoDescripcion\">\n<p>LINAZA + FIBRA PREBI\u00d3TICA + PSILLIUM + KELP + AN\u00cdS ESTRELLA + GUIND\u00d3N +<br \/>\nLIM\u00d3N &#8211; 3 <strong>CAJA de 28 sobres x 5 gr<\/strong><\/p>\n<\/div>\n","protected":false},"excerpt":{"rendered":"<p>LINAZA + FIBRA PREBI\u00d3TICA + PSILLIUM + KELP + AN\u00cdS ESTRELLA + GUIND\u00d3N +<br \/>\nLIM\u00d3N<\/p>\n<p><strong>3 CAJA de 28 sobres x 5 gr<\/strong><\/p>\n","protected":false},"featured_media":2634,"comment_status":"open","ping_status":"closed","template":"","meta":{"site-sidebar-layout":"default","site-content-layout":"default","ast-site-content-layout":"default","site-content-style":"default","site-sidebar-style":"default","ast-global-header-display":"","ast-banner-title-visibility":"","ast-main-header-display":"","ast-hfb-above-header-display":"","ast-hfb-below-header-display":"","ast-hfb-mobile-header-display":"","site-post-title":"","ast-breadcrumbs-content":"","ast-featured-img":"","footer-sml-layout":"","ast-disable-related-posts":"","theme-transparent-header-meta":"default","adv-header-id-meta":"","stick-header-meta":"","header-above-stick-meta":"","header-main-stick-meta":"","header-below-stick-meta":"","astra-migrate-meta-layouts":"default","ast-page-background-enabled":"default","ast-page-background-meta":{"desktop":{"background-color":"var(--ast-global-color-4)","background-image":"","background-repeat":"repeat","background-position":"center center","background-size":"auto","background-attachment":"scroll","background-type":"","background-media":"","overlay-type":"","overlay-color":"","overlay-opacity":"","overlay-gradient":""},"tablet":{"background-color":"","background-image":"","background-repeat":"repeat","background-position":"center center","background-size":"auto","background-attachment":"scroll","background-type":"","background-media":"","overlay-type":"","overlay-color":"","overlay-opacity":"","overlay-gradient":""},"mobile":{"background-color":"","background-image":"","background-repeat":"repeat","background-position":"center center","background-size":"auto","background-attachment":"scroll","background-type":"","background-media":"","overlay-type":"","overlay-color":"","overlay-opacity":"","overlay-gradient":""}},"ast-content-background-meta":{"desktop":{"background-color":"var(--ast-global-color-5)","background-image":"","background-repeat":"repeat","background-position":"center center","background-size":"auto","background-attachment":"scroll","background-type":"","background-media":"","overlay-type":"","overlay-color":"","overlay-opacity":"","overlay-gradient":""},"tablet":{"background-color":"var(--ast-global-color-5)","background-image":"","background-repeat":"repeat","background-position":"center center","background-size":"auto","background-attachment":"scroll","background-type":"","background-media":"","overlay-type":"","overlay-color":"","overlay-opacity":"","overlay-gradient":""},"mobile":{"background-color":"var(--ast-global-color-5)","background-image":"","background-repeat":"repeat","background-position":"center center","background-size":"auto","background-attachment":"scroll","background-type":"","background-media":"","overlay-type":"","overlay-color":"","overlay-opacity":"","overlay-gradient":""}}},"product_brand":[],"product_cat":[15],"product_tag":[],"class_list":{"0":"post-2656","1":"product","2":"type-product","3":"status-publish","4":"has-post-thumbnail","6":"product_cat-sin-categorizar","7":"desktop-align-left","8":"tablet-align-left","9":"mobile-align-left","11":"first","12":"outofstock","13":"sale","14":"shipping-taxable","15":"purchasable","16":"product-type-simple"},"_links":{"self":[{"href":"https:\/\/vykmoquegua.com\/index.php\/wp-json\/wp\/v2\/product\/2656","targetHints":{"allow":["GET"]}}],"collection":[{"href":"https:\/\/vykmoquegua.com\/index.php\/wp-json\/wp\/v2\/product"}],"about":[{"href":"https:\/\/vykmoquegua.com\/index.php\/wp-json\/wp\/v2\/types\/product"}],"replies":[{"embeddable":true,"href":"https:\/\/vykmoquegua.com\/index.php\/wp-json\/wp\/v2\/comments?post=2656"}],"wp:featuredmedia":[{"embeddable":true,"href":"https:\/\/vykmoquegua.com\/index.php\/wp-json\/wp\/v2\/media\/2634"}],"wp:attachment":[{"href":"https:\/\/vykmoquegua.com\/index.php\/wp-json\/wp\/v2\/media?parent=2656"}],"wp:term":[{"taxonomy":"product_brand","embeddable":true,"href":"https:\/\/vykmoquegua.com\/index.php\/wp-json\/wp\/v2\/product_brand?post=2656"},{"taxonomy":"product_cat","embeddable":true,"href":"https:\/\/vykmoquegua.com\/index.php\/wp-json\/wp\/v2\/product_cat?post=2656"},{"taxonomy":"product_tag","embeddable":true,"href":"https:\/\/vykmoquegua.com\/index.php\/wp-json\/wp\/v2\/product_tag?post=2656"}],"curies":[{"name":"wp","href":"https:\/\/api.w.org\/{rel}","templated":true}]}}