{"id":2269,"date":"2022-02-14T04:42:18","date_gmt":"2022-02-14T04:42:18","guid":{"rendered":"http:\/\/vykmoquegua.com\/?post_type=product&#038;p=2269"},"modified":"2022-10-18T00:51:20","modified_gmt":"2022-10-18T00:51:20","slug":"tensiometro-digital-riester","status":"publish","type":"product","link":"https:\/\/vykmoquegua.com\/index.php\/producto\/tensiometro-digital-riester\/","title":{"rendered":"TENSI\u00d3METRO DIGITAL &#8211; RIESTER"},"content":{"rendered":"<p>El TENSI\u00d3METRO DIGITAL DE BRAZO MARCA RIESTER es un equipo m\u00e9dico usado para medir la presi\u00f3n arterial del paciente y llevar un control adecuado de la misma.\u00a0<strong>MARCA: Riester<\/strong>\u00a0<strong>Modelo:<\/strong>\u00a0Ri champion\u00a0<strong>Origen:<\/strong>\u00a0Alemana Tensi\u00f3metro digital completamente autom\u00e1tico para la medici\u00f3n de la tensi\u00f3n arterial. El aparato validado cl\u00ednicamente de acuerdo a los est\u00e1ndares BHS A\/A ofrece adem\u00e1s de un uso f\u00e1cil y el reconocimiento de una frecuencia cardiaca irregular un total de 99 memorias, pulso, fecha y hora. Operado con bater\u00edas AA.\u00a0<strong>ESPECIFICACIONES:<\/strong><\/p>\n<ul>\n<li>Medici\u00f3n de la tensi\u00f3n arterial y del pulso.<\/li>\n<li>Cumplimiento con normativa BHS A\/A.<\/li>\n<li>Reconocimiento de arritmia card\u00edaca.<\/li>\n<li>Pantalla grande en LCD.<\/li>\n<li>Se\u00f1al de pulso \u00f3ptica y ac\u00fastica<\/li>\n<li>99 memorias.<\/li>\n<li><span lang=\"es-pe\" xml:lang=\"es-pe\">\u00a0<\/span><span lang=\"es-pe\" xml:lang=\"es-pe\">Medici\u00f3n de la tensi\u00f3n arterial y del pulso<\/span><\/li>\n<li>Compartimento para almacenamiento de brazalete.<\/li>\n<li>Variedad de brazaletes para ni\u00f1os, adultos y adultos de mayor tama\u00f1o.<\/li>\n<\/ul>\n<p><strong>ESPECIFICACIONES T\u00c9CNICAS:<\/strong><\/p>\n<ul>\n<li>Peso: 630 g con bater\u00edas<\/li>\n<li>Tama\u00f1o: 98(ancho) x 163(largo) x 106(largo) mm<\/li>\n<li>Rango de medici\u00f3n: SYS\/DIA: 30 a 280 mmHg, Pulso: 40 a 200 por minuto.<\/li>\n<li>Precisi\u00f3n: Presi\u00f3n interior \u00b1 3 mmHg, Pulso \u00b1 5 %<\/li>\n<li>Fuente de energ\u00eda: 4 bater\u00edas tama\u00f1o AA, 1.5V (incluidas), adaptador a la red de 6V 600mA (opcional).<\/li>\n<li>Compartimento para almacenamiento de brazalete.<\/li>\n<li>ri-champion\u00ae N con 4 baterias AA y brazalete M (adultos estandard)<\/li>\n<li>ri-champion\u00ae N con 4 baterias AA y brazalete L (adultos brazos obesos)<\/li>\n<li>ri-champion\u00ae N con 4 baterias AA y brazalete S (ni\u00f1os)<\/li>\n<li>Adaptador a la red 6V 600mA (UE)<\/li>\n<\/ul>\n","protected":false},"excerpt":{"rendered":"<p>MARCA : RIESTER<\/p>\n","protected":false},"featured_media":2270,"comment_status":"open","ping_status":"closed","template":"","meta":{"site-sidebar-layout":"default","site-content-layout":"default","ast-site-content-layout":"default","site-content-style":"default","site-sidebar-style":"default","ast-global-header-display":"","ast-banner-title-visibility":"","ast-main-header-display":"","ast-hfb-above-header-display":"","ast-hfb-below-header-display":"","ast-hfb-mobile-header-display":"","site-post-title":"","ast-breadcrumbs-content":"","ast-featured-img":"","footer-sml-layout":"","ast-disable-related-posts":"","theme-transparent-header-meta":"default","adv-header-id-meta":"","stick-header-meta":"","header-above-stick-meta":"","header-main-stick-meta":"","header-below-stick-meta":"","astra-migrate-meta-layouts":"default","ast-page-background-enabled":"default","ast-page-background-meta":{"desktop":{"background-color":"var(--ast-global-color-4)","background-image":"","background-repeat":"repeat","background-position":"center center","background-size":"auto","background-attachment":"scroll","background-type":"","background-media":"","overlay-type":"","overlay-color":"","overlay-opacity":"","overlay-gradient":""},"tablet":{"background-color":"","background-image":"","background-repeat":"repeat","background-position":"center center","background-size":"auto","background-attachment":"scroll","background-type":"","background-media":"","overlay-type":"","overlay-color":"","overlay-opacity":"","overlay-gradient":""},"mobile":{"background-color":"","background-image":"","background-repeat":"repeat","background-position":"center center","background-size":"auto","background-attachment":"scroll","background-type":"","background-media":"","overlay-type":"","overlay-color":"","overlay-opacity":"","overlay-gradient":""}},"ast-content-background-meta":{"desktop":{"background-color":"var(--ast-global-color-5)","background-image":"","background-repeat":"repeat","background-position":"center center","background-size":"auto","background-attachment":"scroll","background-type":"","background-media":"","overlay-type":"","overlay-color":"","overlay-opacity":"","overlay-gradient":""},"tablet":{"background-color":"var(--ast-global-color-5)","background-image":"","background-repeat":"repeat","background-position":"center center","background-size":"auto","background-attachment":"scroll","background-type":"","background-media":"","overlay-type":"","overlay-color":"","overlay-opacity":"","overlay-gradient":""},"mobile":{"background-color":"var(--ast-global-color-5)","background-image":"","background-repeat":"repeat","background-position":"center center","background-size":"auto","background-attachment":"scroll","background-type":"","background-media":"","overlay-type":"","overlay-color":"","overlay-opacity":"","overlay-gradient":""}}},"product_brand":[],"product_cat":[22],"product_tag":[],"class_list":{"0":"post-2269","1":"product","2":"type-product","3":"status-publish","4":"has-post-thumbnail","6":"product_cat-equipo-medico","7":"desktop-align-left","8":"tablet-align-left","9":"mobile-align-left","11":"first","12":"outofstock","13":"sale","14":"shipping-taxable","15":"purchasable","16":"product-type-simple"},"_links":{"self":[{"href":"https:\/\/vykmoquegua.com\/index.php\/wp-json\/wp\/v2\/product\/2269","targetHints":{"allow":["GET"]}}],"collection":[{"href":"https:\/\/vykmoquegua.com\/index.php\/wp-json\/wp\/v2\/product"}],"about":[{"href":"https:\/\/vykmoquegua.com\/index.php\/wp-json\/wp\/v2\/types\/product"}],"replies":[{"embeddable":true,"href":"https:\/\/vykmoquegua.com\/index.php\/wp-json\/wp\/v2\/comments?post=2269"}],"wp:featuredmedia":[{"embeddable":true,"href":"https:\/\/vykmoquegua.com\/index.php\/wp-json\/wp\/v2\/media\/2270"}],"wp:attachment":[{"href":"https:\/\/vykmoquegua.com\/index.php\/wp-json\/wp\/v2\/media?parent=2269"}],"wp:term":[{"taxonomy":"product_brand","embeddable":true,"href":"https:\/\/vykmoquegua.com\/index.php\/wp-json\/wp\/v2\/product_brand?post=2269"},{"taxonomy":"product_cat","embeddable":true,"href":"https:\/\/vykmoquegua.com\/index.php\/wp-json\/wp\/v2\/product_cat?post=2269"},{"taxonomy":"product_tag","embeddable":true,"href":"https:\/\/vykmoquegua.com\/index.php\/wp-json\/wp\/v2\/product_tag?post=2269"}],"curies":[{"name":"wp","href":"https:\/\/api.w.org\/{rel}","templated":true}]}}