{"id":2264,"date":"2022-02-14T04:22:28","date_gmt":"2022-02-14T04:22:28","guid":{"rendered":"http:\/\/vykmoquegua.com\/?post_type=product&#038;p=2264"},"modified":"2026-03-07T06:28:38","modified_gmt":"2026-03-07T06:28:38","slug":"mascarilla-n95","status":"publish","type":"product","link":"https:\/\/vykmoquegua.com\/index.php\/producto\/mascarilla-n95\/","title":{"rendered":"MASCARILLA &#8211; N95"},"content":{"rendered":"<p>DESCRIPCION:<\/p>\n<ul class=\"a-unordered-list a-vertical a-spacing-mini\">\n<li><span class=\"a-list-item\">Protecci\u00f3n perfecta: esta m\u00e1scara respiradora desechable N95 aprobada por NIOSH de Makrite Industries Inc. es una prueba de la calidad y fiabilidad del equipo de protecci\u00f3n personal (n\u00famero de aprobaci\u00f3n NIOSH: TC-84A-5463); proporciona al menos un 95% de eficiencia de filtraci\u00f3n y protecci\u00f3n respiratoria fiable contra aerosoles libres de aceite y\/o part\u00edculas l\u00edquidas no vol\u00e1tiles<\/span><\/li>\n<li><span class=\"a-list-item\">Excelente ajuste: las dimensiones individuales de la m\u00e1scara son: 5.276\u00a0in x 4.488\u00a0in x 1.890\u00a0in; la boquilla ajustable est\u00e1 hecha de aluminio duradero y se puede moldear f\u00e1cilmente a lo largo de tu puente de nariz para evitar fugas y empa\u00f1amiento de las gafas; las correas de alta elasticidad garantizan un sellado herm\u00e9tico y seguro<\/span><\/li>\n<li><span class=\"a-list-item\">Excelente ajuste: las dimensiones individuales de la m\u00e1scara son: 2.165\u00a0in x 1.969\u00a0in x 3.150\u00a0in; la pieza nasal ajustable est\u00e1 hecha de aluminio duradero y se puede moldear f\u00e1cilmente a lo largo de tu puente de nariz para evitar fugas y empa\u00f1amiento de las gafas; las correas de cabeza de alta elasticidad garantizan un sellado herm\u00e9tico y seguro<\/span><\/li>\n<li><span class=\"a-list-item\">Uso para: protecci\u00f3n personal de configuraci\u00f3n m\u00e9dica, construcci\u00f3n, mejora del hogar, limpieza, corte, jardiner\u00eda y proyectos de bricolaje; paquete de 20 M\/L tama\u00f1o individual Makrite 9500-N95<\/span><\/li>\n<\/ul>\n","protected":false},"excerpt":{"rendered":"<p>TALLA: Medium\/large<\/p>\n<p>MARCA: Makrite<\/p>\n<p>CLASE DE FILTRO: N95<\/p>\n<p>&nbsp;<\/p>\n","protected":false},"featured_media":2265,"comment_status":"open","ping_status":"closed","template":"","meta":{"site-sidebar-layout":"default","site-content-layout":"default","ast-site-content-layout":"default","site-content-style":"default","site-sidebar-style":"default","ast-global-header-display":"","ast-banner-title-visibility":"","ast-main-header-display":"","ast-hfb-above-header-display":"","ast-hfb-below-header-display":"","ast-hfb-mobile-header-display":"","site-post-title":"","ast-breadcrumbs-content":"","ast-featured-img":"","footer-sml-layout":"","ast-disable-related-posts":"","theme-transparent-header-meta":"default","adv-header-id-meta":"","stick-header-meta":"","header-above-stick-meta":"","header-main-stick-meta":"","header-below-stick-meta":"","astra-migrate-meta-layouts":"default","ast-page-background-enabled":"default","ast-page-background-meta":{"desktop":{"background-color":"var(--ast-global-color-4)","background-image":"","background-repeat":"repeat","background-position":"center center","background-size":"auto","background-attachment":"scroll","background-type":"","background-media":"","overlay-type":"","overlay-color":"","overlay-opacity":"","overlay-gradient":""},"tablet":{"background-color":"","background-image":"","background-repeat":"repeat","background-position":"center center","background-size":"auto","background-attachment":"scroll","background-type":"","background-media":"","overlay-type":"","overlay-color":"","overlay-opacity":"","overlay-gradient":""},"mobile":{"background-color":"","background-image":"","background-repeat":"repeat","background-position":"center center","background-size":"auto","background-attachment":"scroll","background-type":"","background-media":"","overlay-type":"","overlay-color":"","overlay-opacity":"","overlay-gradient":""}},"ast-content-background-meta":{"desktop":{"background-color":"var(--ast-global-color-5)","background-image":"","background-repeat":"repeat","background-position":"center center","background-size":"auto","background-attachment":"scroll","background-type":"","background-media":"","overlay-type":"","overlay-color":"","overlay-opacity":"","overlay-gradient":""},"tablet":{"background-color":"var(--ast-global-color-5)","background-image":"","background-repeat":"repeat","background-position":"center center","background-size":"auto","background-attachment":"scroll","background-type":"","background-media":"","overlay-type":"","overlay-color":"","overlay-opacity":"","overlay-gradient":""},"mobile":{"background-color":"var(--ast-global-color-5)","background-image":"","background-repeat":"repeat","background-position":"center center","background-size":"auto","background-attachment":"scroll","background-type":"","background-media":"","overlay-type":"","overlay-color":"","overlay-opacity":"","overlay-gradient":""}}},"product_brand":[],"product_cat":[29],"product_tag":[],"class_list":{"0":"post-2264","1":"product","2":"type-product","3":"status-publish","4":"has-post-thumbnail","6":"product_cat-equipo-bioseguridad","7":"desktop-align-left","8":"tablet-align-left","9":"mobile-align-left","11":"first","12":"instock","13":"sale","14":"featured","15":"shipping-taxable","16":"purchasable","17":"product-type-simple"},"_links":{"self":[{"href":"https:\/\/vykmoquegua.com\/index.php\/wp-json\/wp\/v2\/product\/2264","targetHints":{"allow":["GET"]}}],"collection":[{"href":"https:\/\/vykmoquegua.com\/index.php\/wp-json\/wp\/v2\/product"}],"about":[{"href":"https:\/\/vykmoquegua.com\/index.php\/wp-json\/wp\/v2\/types\/product"}],"replies":[{"embeddable":true,"href":"https:\/\/vykmoquegua.com\/index.php\/wp-json\/wp\/v2\/comments?post=2264"}],"wp:featuredmedia":[{"embeddable":true,"href":"https:\/\/vykmoquegua.com\/index.php\/wp-json\/wp\/v2\/media\/2265"}],"wp:attachment":[{"href":"https:\/\/vykmoquegua.com\/index.php\/wp-json\/wp\/v2\/media?parent=2264"}],"wp:term":[{"taxonomy":"product_brand","embeddable":true,"href":"https:\/\/vykmoquegua.com\/index.php\/wp-json\/wp\/v2\/product_brand?post=2264"},{"taxonomy":"product_cat","embeddable":true,"href":"https:\/\/vykmoquegua.com\/index.php\/wp-json\/wp\/v2\/product_cat?post=2264"},{"taxonomy":"product_tag","embeddable":true,"href":"https:\/\/vykmoquegua.com\/index.php\/wp-json\/wp\/v2\/product_tag?post=2264"}],"curies":[{"name":"wp","href":"https:\/\/api.w.org\/{rel}","templated":true}]}}