{"id":2247,"date":"2022-02-11T16:01:57","date_gmt":"2022-02-11T16:01:57","guid":{"rendered":"http:\/\/vykmoquegua.com\/?post_type=product&#038;p=2247"},"modified":"2024-10-08T18:29:00","modified_gmt":"2024-10-08T18:29:00","slug":"lanceta-retractil-accu-chek","status":"publish","type":"product","link":"https:\/\/vykmoquegua.com\/index.php\/producto\/lanceta-retractil-accu-chek\/","title":{"rendered":"LANCETA RETRACTIL &#8211; ACCU &#8211; CHEK"},"content":{"rendered":"<p style=\"font-weight: 400;\"><b><strong>Descripci\u00f3n:<\/strong><\/b><\/p>\n<ul>\n<li style=\"font-weight: 400;\">3 niveles ajustables de profundidad permiten tomar una muestra de sangre seg\u00fan las condiciones de la piel del paciente.<\/li>\n<li style=\"font-weight: 400;\">Cada nivel de profundidad queda fijo en el lugar y no puede deslizarse ni salirse de lugar una vez que fue seleccionado.<\/li>\n<li style=\"font-weight: 400;\">Corte de aguja y di\u00e1metro de aguja especiales y biselados para obtener muestras de sangre en forma pr\u00e1cticamente indolora.<\/li>\n<li style=\"font-weight: 400;\">Apto para utilizar en adultos, beb\u00e9s menores de 1 a\u00f1o y reci\u00e9n nacidos.<\/li>\n<li style=\"font-weight: 400;\">Ahorre espacio y costos al utilizar un solo tipo de lanceta.<\/li>\n<li style=\"font-weight: 400;\">Dise\u00f1ado para un solo uso y as\u00ed evitar la contaminaci\u00f3n cruzada.<\/li>\n<li style=\"font-weight: 400;\">La tecnolog\u00eda Safe-T garantiza que la aguja quede siempre almacenada en el cartucho de manera segura y que no se produzcan pinchazos accidentales.<\/li>\n<li style=\"font-weight: 400;\">La retracci\u00f3n autom\u00e1tica de la aguja luego de utilizar el dispositivo elimina el riesgo de que se produzcan lesiones y contaminaci\u00f3n cruzada.<\/li>\n<li style=\"font-weight: 400;\">Luego de realizar la punci\u00f3n, se desecha el dispositivo entero.<\/li>\n<\/ul>\n<p style=\"font-weight: 400;\"><b><strong>Especificaciones T\u00e9cnicas:<\/strong><\/b><\/p>\n<ul>\n<li style=\"font-weight: 400;\">Un solo uso.<\/li>\n<li style=\"font-weight: 400;\">Niveles de profundidad: Bajo: 1,3mm;\u00a0\u00a0Medio: 1,8mm; Alto: 2,3mm.<\/li>\n<li style=\"font-weight: 400;\">Aguja siliconada<\/li>\n<li style=\"font-weight: 400;\">Diametro de la aguja: 0,63mm<\/li>\n<li style=\"font-weight: 400;\">Esterilidad hasta 4 a\u00f1os despu\u00e9s de que se esterilizo el producto.<\/li>\n<\/ul>\n","protected":false},"excerpt":{"rendered":"<p style=\"font-weight: 400;\"><b><strong>Marca:\u00a0<\/strong><\/b>Accu-Chek<\/p>\n<p style=\"font-weight: 400;\"><b><strong>Modelo:<\/strong><\/b>\u00a0Safe-T-Pro Plus<\/p>\n<p style=\"font-weight: 400;\"><b><strong>Procedencia:\u00a0<\/strong><\/b>USA.<\/p>\n","protected":false},"featured_media":2248,"comment_status":"open","ping_status":"closed","template":"","meta":{"site-sidebar-layout":"default","site-content-layout":"default","ast-site-content-layout":"default","site-content-style":"default","site-sidebar-style":"default","ast-global-header-display":"","ast-banner-title-visibility":"","ast-main-header-display":"","ast-hfb-above-header-display":"","ast-hfb-below-header-display":"","ast-hfb-mobile-header-display":"","site-post-title":"","ast-breadcrumbs-content":"","ast-featured-img":"","footer-sml-layout":"","ast-disable-related-posts":"","theme-transparent-header-meta":"default","adv-header-id-meta":"","stick-header-meta":"","header-above-stick-meta":"","header-main-stick-meta":"","header-below-stick-meta":"","astra-migrate-meta-layouts":"default","ast-page-background-enabled":"default","ast-page-background-meta":{"desktop":{"background-color":"var(--ast-global-color-4)","background-image":"","background-repeat":"repeat","background-position":"center center","background-size":"auto","background-attachment":"scroll","background-type":"","background-media":"","overlay-type":"","overlay-color":"","overlay-opacity":"","overlay-gradient":""},"tablet":{"background-color":"","background-image":"","background-repeat":"repeat","background-position":"center center","background-size":"auto","background-attachment":"scroll","background-type":"","background-media":"","overlay-type":"","overlay-color":"","overlay-opacity":"","overlay-gradient":""},"mobile":{"background-color":"","background-image":"","background-repeat":"repeat","background-position":"center center","background-size":"auto","background-attachment":"scroll","background-type":"","background-media":"","overlay-type":"","overlay-color":"","overlay-opacity":"","overlay-gradient":""}},"ast-content-background-meta":{"desktop":{"background-color":"var(--ast-global-color-5)","background-image":"","background-repeat":"repeat","background-position":"center center","background-size":"auto","background-attachment":"scroll","background-type":"","background-media":"","overlay-type":"","overlay-color":"","overlay-opacity":"","overlay-gradient":""},"tablet":{"background-color":"var(--ast-global-color-5)","background-image":"","background-repeat":"repeat","background-position":"center center","background-size":"auto","background-attachment":"scroll","background-type":"","background-media":"","overlay-type":"","overlay-color":"","overlay-opacity":"","overlay-gradient":""},"mobile":{"background-color":"var(--ast-global-color-5)","background-image":"","background-repeat":"repeat","background-position":"center center","background-size":"auto","background-attachment":"scroll","background-type":"","background-media":"","overlay-type":"","overlay-color":"","overlay-opacity":"","overlay-gradient":""}}},"product_brand":[],"product_cat":[22],"product_tag":[],"class_list":{"0":"post-2247","1":"product","2":"type-product","3":"status-publish","4":"has-post-thumbnail","6":"product_cat-equipo-medico","7":"desktop-align-left","8":"tablet-align-left","9":"mobile-align-left","11":"first","12":"outofstock","13":"sale","14":"shipping-taxable","15":"purchasable","16":"product-type-simple"},"_links":{"self":[{"href":"https:\/\/vykmoquegua.com\/index.php\/wp-json\/wp\/v2\/product\/2247","targetHints":{"allow":["GET"]}}],"collection":[{"href":"https:\/\/vykmoquegua.com\/index.php\/wp-json\/wp\/v2\/product"}],"about":[{"href":"https:\/\/vykmoquegua.com\/index.php\/wp-json\/wp\/v2\/types\/product"}],"replies":[{"embeddable":true,"href":"https:\/\/vykmoquegua.com\/index.php\/wp-json\/wp\/v2\/comments?post=2247"}],"wp:featuredmedia":[{"embeddable":true,"href":"https:\/\/vykmoquegua.com\/index.php\/wp-json\/wp\/v2\/media\/2248"}],"wp:attachment":[{"href":"https:\/\/vykmoquegua.com\/index.php\/wp-json\/wp\/v2\/media?parent=2247"}],"wp:term":[{"taxonomy":"product_brand","embeddable":true,"href":"https:\/\/vykmoquegua.com\/index.php\/wp-json\/wp\/v2\/product_brand?post=2247"},{"taxonomy":"product_cat","embeddable":true,"href":"https:\/\/vykmoquegua.com\/index.php\/wp-json\/wp\/v2\/product_cat?post=2247"},{"taxonomy":"product_tag","embeddable":true,"href":"https:\/\/vykmoquegua.com\/index.php\/wp-json\/wp\/v2\/product_tag?post=2247"}],"curies":[{"name":"wp","href":"https:\/\/api.w.org\/{rel}","templated":true}]}}