{"id":2196,"date":"2020-08-18T20:57:22","date_gmt":"2020-08-18T20:57:22","guid":{"rendered":"http:\/\/vykmoquegua.com\/?post_type=product&#038;p=2196"},"modified":"2022-10-18T01:20:17","modified_gmt":"2022-10-18T01:20:17","slug":"monogafas-con-ventilacion-inderecta","status":"publish","type":"product","link":"https:\/\/vykmoquegua.com\/index.php\/producto\/monogafas-con-ventilacion-inderecta\/","title":{"rendered":"Monogafas con Ventilaci\u00f3n Inderecta"},"content":{"rendered":"<p>V\u00c1LVULAS DE VENTILACI\u00d3N<br \/>\nEN DOS TIEMPOS.<\/p>\n<p>PROTECCI\u00d3N COMPLETA- SELLADO &#8211; 4 V\u00c1LVULAS<\/p>\n<p>&#8211; Lentes \/ monogafas de protecci\u00f3n. Bioseguridad<\/p>\n<p>&#8211; Ideal para lograr una protecci\u00f3n completa, frontal y lateral, se sugiere complementarse a mascarillas, trajes, etc.<\/p>\n<p>&#8211; Para uso personal, cl\u00ednico, hospitalario, pacientes, laboratorio, talleres, industria alimentos.<\/p>\n<p>&#8211; Protecci\u00f3n contra salpicaduras, aerosoles, fluidos, secreciones, goticulas, lesiones microsc\u00f3picas.<\/p>\n<p>&#8211; Ventilaci\u00f3n indirecta con 4 v\u00e1lvulas de ventilaci\u00f3n.<\/p>\n<p>&#8211; Antiempa\u00f1amiento<\/p>\n<p>&#8211; Adaptabilidad al rostro, se adhieren completamente.<\/p>\n<p>&#8211; Permite uso con lentes de medida en la mayor\u00eda de modelos.<\/p>\n<p>&#8211; Correa el\u00e1stica, buen agarre y comodidad, 10&#8243; de largo<\/p>\n<p>&#8211; Marco PVC<\/p>\n<p>&#8211; Trasl\u00facido<\/p>\n<p>&#8211; Ligero<\/p>\n<p>Clasificaci\u00f3n MEPP.<\/p>\n<p>El usuario es responsable de correcto uso de su equipo de seguridad<\/p>\n<p>*Recomendaciones*<br \/>\n&#8211; Antes de usar retirar pel\u00edcula protectora<br \/>\n&#8211; Para mantener sus lentes se recomienda usar para su limpieza, jab\u00f3n l\u00edquido y agua, pa\u00f1itos h\u00famedos o limpiador de lentes, pa\u00f1o de microfibra suave.<br \/>\n!! Solo usar si es necesario.<br \/>\n&#8211; no alcohol<\/p>\n","protected":false},"excerpt":{"rendered":"<p>Material : Policarbonato<\/p>\n","protected":false},"featured_media":2198,"comment_status":"open","ping_status":"closed","template":"","meta":{"site-sidebar-layout":"default","site-content-layout":"default","ast-site-content-layout":"default","site-content-style":"default","site-sidebar-style":"default","ast-global-header-display":"","ast-banner-title-visibility":"","ast-main-header-display":"","ast-hfb-above-header-display":"","ast-hfb-below-header-display":"","ast-hfb-mobile-header-display":"","site-post-title":"","ast-breadcrumbs-content":"","ast-featured-img":"","footer-sml-layout":"","ast-disable-related-posts":"","theme-transparent-header-meta":"default","adv-header-id-meta":"","stick-header-meta":"","header-above-stick-meta":"","header-main-stick-meta":"","header-below-stick-meta":"","astra-migrate-meta-layouts":"default","ast-page-background-enabled":"default","ast-page-background-meta":{"desktop":{"background-color":"var(--ast-global-color-4)","background-image":"","background-repeat":"repeat","background-position":"center center","background-size":"auto","background-attachment":"scroll","background-type":"","background-media":"","overlay-type":"","overlay-color":"","overlay-opacity":"","overlay-gradient":""},"tablet":{"background-color":"","background-image":"","background-repeat":"repeat","background-position":"center center","background-size":"auto","background-attachment":"scroll","background-type":"","background-media":"","overlay-type":"","overlay-color":"","overlay-opacity":"","overlay-gradient":""},"mobile":{"background-color":"","background-image":"","background-repeat":"repeat","background-position":"center center","background-size":"auto","background-attachment":"scroll","background-type":"","background-media":"","overlay-type":"","overlay-color":"","overlay-opacity":"","overlay-gradient":""}},"ast-content-background-meta":{"desktop":{"background-color":"var(--ast-global-color-5)","background-image":"","background-repeat":"repeat","background-position":"center center","background-size":"auto","background-attachment":"scroll","background-type":"","background-media":"","overlay-type":"","overlay-color":"","overlay-opacity":"","overlay-gradient":""},"tablet":{"background-color":"var(--ast-global-color-5)","background-image":"","background-repeat":"repeat","background-position":"center center","background-size":"auto","background-attachment":"scroll","background-type":"","background-media":"","overlay-type":"","overlay-color":"","overlay-opacity":"","overlay-gradient":""},"mobile":{"background-color":"var(--ast-global-color-5)","background-image":"","background-repeat":"repeat","background-position":"center center","background-size":"auto","background-attachment":"scroll","background-type":"","background-media":"","overlay-type":"","overlay-color":"","overlay-opacity":"","overlay-gradient":""}}},"product_brand":[],"product_cat":[29],"product_tag":[],"class_list":{"0":"post-2196","1":"product","2":"type-product","3":"status-publish","4":"has-post-thumbnail","6":"product_cat-equipo-bioseguridad","7":"desktop-align-left","8":"tablet-align-left","9":"mobile-align-left","11":"first","12":"instock","13":"sale","14":"shipping-taxable","15":"purchasable","16":"product-type-simple"},"_links":{"self":[{"href":"https:\/\/vykmoquegua.com\/index.php\/wp-json\/wp\/v2\/product\/2196","targetHints":{"allow":["GET"]}}],"collection":[{"href":"https:\/\/vykmoquegua.com\/index.php\/wp-json\/wp\/v2\/product"}],"about":[{"href":"https:\/\/vykmoquegua.com\/index.php\/wp-json\/wp\/v2\/types\/product"}],"replies":[{"embeddable":true,"href":"https:\/\/vykmoquegua.com\/index.php\/wp-json\/wp\/v2\/comments?post=2196"}],"wp:featuredmedia":[{"embeddable":true,"href":"https:\/\/vykmoquegua.com\/index.php\/wp-json\/wp\/v2\/media\/2198"}],"wp:attachment":[{"href":"https:\/\/vykmoquegua.com\/index.php\/wp-json\/wp\/v2\/media?parent=2196"}],"wp:term":[{"taxonomy":"product_brand","embeddable":true,"href":"https:\/\/vykmoquegua.com\/index.php\/wp-json\/wp\/v2\/product_brand?post=2196"},{"taxonomy":"product_cat","embeddable":true,"href":"https:\/\/vykmoquegua.com\/index.php\/wp-json\/wp\/v2\/product_cat?post=2196"},{"taxonomy":"product_tag","embeddable":true,"href":"https:\/\/vykmoquegua.com\/index.php\/wp-json\/wp\/v2\/product_tag?post=2196"}],"curies":[{"name":"wp","href":"https:\/\/api.w.org\/{rel}","templated":true}]}}