{"id":2187,"date":"2020-08-16T16:40:59","date_gmt":"2020-08-16T16:40:59","guid":{"rendered":"http:\/\/vykmoquegua.com\/?post_type=product&#038;p=2187"},"modified":"2024-04-09T20:27:07","modified_gmt":"2024-04-09T20:27:07","slug":"glucometro-true-metrix","status":"publish","type":"product","link":"https:\/\/vykmoquegua.com\/index.php\/producto\/glucometro-true-metrix\/","title":{"rendered":"Gluc\u00f3metro True Metrix"},"content":{"rendered":"<p><strong>Especificaciones:<\/strong><\/p>\n<p>Escala de resultados: 20-600 mg\/dl<br \/>\nMuestra: Sangre capilar completa y sangre completa venosa<br \/>\nApto para uso en NEONATOS (*)<br \/>\nEnzima de la tira de prueba: GDH-FAD (**)<\/p>\n<p><b>Caracter\u00edsticas:<\/b><br \/>\nNo requiere codificaci\u00f3n<br \/>\nResultados en 4 segundos<br \/>\nMuestra peque\u00f1a de 0,5 uL<br \/>\nGuarda 500 resultados en memoria<br \/>\nPromedios de 7, 14 y 30 d\u00edas<br \/>\n4 recordatorios para realizar las pruebas<br \/>\nMarcador de eventos ( 6 )<br \/>\nMuestra de sangre capilar o venosa<br \/>\nAlerta de la prueba de cetona<br \/>\nBot\u00f3n de liberaci\u00f3n con sistema de bioseguridad.<br \/>\nEncendido y apagado autom\u00e1ticos<br \/>\nCompensaci\u00f3n de temperatura<br \/>\nCorrecci\u00f3n de hematocrito activa<br \/>\nBater\u00eda de litio de 3V no recargable<\/p>\n<p><strong>Escala Operativa: Medidor y tiras de prueba<\/strong><\/p>\n<p>Humedad relativa: 10 a 90 %<br \/>\nTemperatura: 5 \u00b0C &#8211; 40 \u00b0C<br \/>\nHematocrito: 20 al 70%<br \/>\nBater\u00eda de litio de 3V # CR2032<br \/>\nDuraci\u00f3n de la bater\u00eda: aproximadamente 1,000 pruebas o 1 a\u00f1o<\/p>\n<p>* El uso en Neonatolog\u00eda, es a partir de la hora de vida.<br \/>\n* Selectivo para Glucosa (No Interfiere con Maltosa, Galactosa y otros hexosas)<\/p>\n","protected":false},"excerpt":{"rendered":"<p>Marca : Nipro<\/p>\n<p>modelo: True Metrix<\/p>\n<p>Contiene :\u00a0 10 Tiras + 10 Lancetas<\/p>\n<p>Un medidor de glucosa es un dispositivo peque\u00f1o y port\u00e1til que se utiliza para saber la\u00a0concentraci\u00f3n de glucosa en sangre. De uso dom\u00e9stico y por profesionales de salud.<\/p>\n","protected":false},"featured_media":2188,"comment_status":"open","ping_status":"closed","template":"","meta":{"site-sidebar-layout":"default","site-content-layout":"default","ast-site-content-layout":"default","site-content-style":"default","site-sidebar-style":"default","ast-global-header-display":"","ast-banner-title-visibility":"","ast-main-header-display":"","ast-hfb-above-header-display":"","ast-hfb-below-header-display":"","ast-hfb-mobile-header-display":"","site-post-title":"","ast-breadcrumbs-content":"","ast-featured-img":"","footer-sml-layout":"","ast-disable-related-posts":"","theme-transparent-header-meta":"default","adv-header-id-meta":"","stick-header-meta":"","header-above-stick-meta":"","header-main-stick-meta":"","header-below-stick-meta":"","astra-migrate-meta-layouts":"default","ast-page-background-enabled":"default","ast-page-background-meta":{"desktop":{"background-color":"var(--ast-global-color-4)","background-image":"","background-repeat":"repeat","background-position":"center center","background-size":"auto","background-attachment":"scroll","background-type":"","background-media":"","overlay-type":"","overlay-color":"","overlay-opacity":"","overlay-gradient":""},"tablet":{"background-color":"","background-image":"","background-repeat":"repeat","background-position":"center center","background-size":"auto","background-attachment":"scroll","background-type":"","background-media":"","overlay-type":"","overlay-color":"","overlay-opacity":"","overlay-gradient":""},"mobile":{"background-color":"","background-image":"","background-repeat":"repeat","background-position":"center center","background-size":"auto","background-attachment":"scroll","background-type":"","background-media":"","overlay-type":"","overlay-color":"","overlay-opacity":"","overlay-gradient":""}},"ast-content-background-meta":{"desktop":{"background-color":"var(--ast-global-color-5)","background-image":"","background-repeat":"repeat","background-position":"center center","background-size":"auto","background-attachment":"scroll","background-type":"","background-media":"","overlay-type":"","overlay-color":"","overlay-opacity":"","overlay-gradient":""},"tablet":{"background-color":"var(--ast-global-color-5)","background-image":"","background-repeat":"repeat","background-position":"center center","background-size":"auto","background-attachment":"scroll","background-type":"","background-media":"","overlay-type":"","overlay-color":"","overlay-opacity":"","overlay-gradient":""},"mobile":{"background-color":"var(--ast-global-color-5)","background-image":"","background-repeat":"repeat","background-position":"center center","background-size":"auto","background-attachment":"scroll","background-type":"","background-media":"","overlay-type":"","overlay-color":"","overlay-opacity":"","overlay-gradient":""}}},"product_brand":[],"product_cat":[22],"product_tag":[],"class_list":{"0":"post-2187","1":"product","2":"type-product","3":"status-publish","4":"has-post-thumbnail","6":"product_cat-equipo-medico","7":"desktop-align-left","8":"tablet-align-left","9":"mobile-align-left","11":"first","12":"outofstock","13":"sale","14":"shipping-taxable","15":"purchasable","16":"product-type-simple"},"_links":{"self":[{"href":"https:\/\/vykmoquegua.com\/index.php\/wp-json\/wp\/v2\/product\/2187","targetHints":{"allow":["GET"]}}],"collection":[{"href":"https:\/\/vykmoquegua.com\/index.php\/wp-json\/wp\/v2\/product"}],"about":[{"href":"https:\/\/vykmoquegua.com\/index.php\/wp-json\/wp\/v2\/types\/product"}],"replies":[{"embeddable":true,"href":"https:\/\/vykmoquegua.com\/index.php\/wp-json\/wp\/v2\/comments?post=2187"}],"wp:featuredmedia":[{"embeddable":true,"href":"https:\/\/vykmoquegua.com\/index.php\/wp-json\/wp\/v2\/media\/2188"}],"wp:attachment":[{"href":"https:\/\/vykmoquegua.com\/index.php\/wp-json\/wp\/v2\/media?parent=2187"}],"wp:term":[{"taxonomy":"product_brand","embeddable":true,"href":"https:\/\/vykmoquegua.com\/index.php\/wp-json\/wp\/v2\/product_brand?post=2187"},{"taxonomy":"product_cat","embeddable":true,"href":"https:\/\/vykmoquegua.com\/index.php\/wp-json\/wp\/v2\/product_cat?post=2187"},{"taxonomy":"product_tag","embeddable":true,"href":"https:\/\/vykmoquegua.com\/index.php\/wp-json\/wp\/v2\/product_tag?post=2187"}],"curies":[{"name":"wp","href":"https:\/\/api.w.org\/{rel}","templated":true}]}}