{"id":2182,"date":"2020-08-16T16:09:09","date_gmt":"2020-08-16T16:09:09","guid":{"rendered":"http:\/\/vykmoquegua.com\/?post_type=product&#038;p=2182"},"modified":"2021-03-07T22:29:17","modified_gmt":"2021-03-07T22:29:17","slug":"concentrador-de-oxigeno-10lpm-nebulizador-y-oximetro","status":"publish","type":"product","link":"https:\/\/vykmoquegua.com\/index.php\/producto\/concentrador-de-oxigeno-10lpm-nebulizador-y-oximetro\/","title":{"rendered":"CONCENTRADOR DE OXIGENO 10LPM, NEBULIZADOR Y OXIMETRO"},"content":{"rendered":"<p>El\u00a0<strong>concentrador de ox\u00edgeno AertiS<\/strong>\u00a0es un dispositivo que produce ox\u00edgeno medicinal de manera continua, proporcionando ox\u00edgeno de manera<strong>\u00a0ilimitada<\/strong>\u00a0sin tener que preocuparse por que se vaya a acabar o solicitar recargas como ser\u00eda el caso con un<strong>\u00a0tanque de ox\u00edgeno<\/strong>\u00a0convencional.<\/p>\n<p>Para pacientes con; Fibrosis Pulmonar, EPOC(Enfermedad Pulmonar obstructiva cr\u00f3nica), C\u00e1ncer pulmonar, Neumon\u00eda leve a moderada por\u00a0<strong>Covid19<\/strong>\u00a0, (Seg\u00fan OPS y OMS), Asma y cualquier problema de insuficiencia respiratoria que lo requiera y tenga de necesidad de oxigeno medicinal<\/p>\n<p class=\"h-sub\">Beneficios:<\/p>\n<ul class=\"marker-list-md\">\n<li>Econ\u00f3mico Ahorro significativo del costo del bal\u00f3n de oxigeno y sus recargas.<\/li>\n<li>Volumen de 1lts. hasta 10lts de ox\u00edgeno puro por minuto, bajo ruido 35Bd<\/li>\n<li>Filtro de Aire y Humidificador, funsi\u00f3n de nebulizador.<\/li>\n<li>Soporte vetilatorio optimo, seguro para aliviar la falta de Oxigeno puro.<\/li>\n<li>\u00danico en el mercado Incluye Ox\u00edmetro de pulso en el equipo para controlar la saturaci\u00f3n de oxigeno.<\/li>\n<\/ul>\n<p>&nbsp;<\/p>\n<p>Personal especializado, Bioingenieros, enfermeras y comerciales, altamente calificado en uso y soporte t\u00e9cnico para atenci\u00f3n y garant\u00eda post venta de los equipos<\/p>\n<p class=\"h-sub\">El equipo incluye:<\/p>\n<ul class=\"marker-list-md\">\n<li>2 c\u00e1nulas binasales.<\/li>\n<li>2 filtros de Aire.<\/li>\n<li>2 filtros de part\u00edculas.<\/li>\n<li>1 dosificador de medicamento en la versi\u00f3n con nebulizador.<\/li>\n<li>1 sensor de pulsioximetria para la versi\u00f3n con ox\u00edmetro.<\/li>\n<li>2 humificadores en la versi\u00f3n dual flujo.<\/li>\n<\/ul>\n","protected":false},"excerpt":{"rendered":"<p>Marca : AertiS de 10 LPM<\/p>\n<p>3 en 1 :\u00a0 Ox\u00edgeno + Nebulizador + Ox\u00edmetro<\/p>\n","protected":false},"featured_media":2183,"comment_status":"open","ping_status":"closed","template":"","meta":{"site-sidebar-layout":"default","site-content-layout":"default","ast-site-content-layout":"default","site-content-style":"default","site-sidebar-style":"default","ast-global-header-display":"","ast-banner-title-visibility":"","ast-main-header-display":"","ast-hfb-above-header-display":"","ast-hfb-below-header-display":"","ast-hfb-mobile-header-display":"","site-post-title":"","ast-breadcrumbs-content":"","ast-featured-img":"","footer-sml-layout":"","ast-disable-related-posts":"","theme-transparent-header-meta":"default","adv-header-id-meta":"","stick-header-meta":"","header-above-stick-meta":"","header-main-stick-meta":"","header-below-stick-meta":"","astra-migrate-meta-layouts":"default","ast-page-background-enabled":"default","ast-page-background-meta":{"desktop":{"background-color":"var(--ast-global-color-4)","background-image":"","background-repeat":"repeat","background-position":"center center","background-size":"auto","background-attachment":"scroll","background-type":"","background-media":"","overlay-type":"","overlay-color":"","overlay-opacity":"","overlay-gradient":""},"tablet":{"background-color":"","background-image":"","background-repeat":"repeat","background-position":"center center","background-size":"auto","background-attachment":"scroll","background-type":"","background-media":"","overlay-type":"","overlay-color":"","overlay-opacity":"","overlay-gradient":""},"mobile":{"background-color":"","background-image":"","background-repeat":"repeat","background-position":"center center","background-size":"auto","background-attachment":"scroll","background-type":"","background-media":"","overlay-type":"","overlay-color":"","overlay-opacity":"","overlay-gradient":""}},"ast-content-background-meta":{"desktop":{"background-color":"var(--ast-global-color-5)","background-image":"","background-repeat":"repeat","background-position":"center center","background-size":"auto","background-attachment":"scroll","background-type":"","background-media":"","overlay-type":"","overlay-color":"","overlay-opacity":"","overlay-gradient":""},"tablet":{"background-color":"var(--ast-global-color-5)","background-image":"","background-repeat":"repeat","background-position":"center center","background-size":"auto","background-attachment":"scroll","background-type":"","background-media":"","overlay-type":"","overlay-color":"","overlay-opacity":"","overlay-gradient":""},"mobile":{"background-color":"var(--ast-global-color-5)","background-image":"","background-repeat":"repeat","background-position":"center center","background-size":"auto","background-attachment":"scroll","background-type":"","background-media":"","overlay-type":"","overlay-color":"","overlay-opacity":"","overlay-gradient":""}}},"product_brand":[],"product_cat":[22],"product_tag":[],"class_list":{"0":"post-2182","1":"product","2":"type-product","3":"status-publish","4":"has-post-thumbnail","6":"product_cat-equipo-medico","7":"desktop-align-left","8":"tablet-align-left","9":"mobile-align-left","11":"first","12":"outofstock","13":"sale","14":"shipping-taxable","15":"purchasable","16":"product-type-simple"},"_links":{"self":[{"href":"https:\/\/vykmoquegua.com\/index.php\/wp-json\/wp\/v2\/product\/2182","targetHints":{"allow":["GET"]}}],"collection":[{"href":"https:\/\/vykmoquegua.com\/index.php\/wp-json\/wp\/v2\/product"}],"about":[{"href":"https:\/\/vykmoquegua.com\/index.php\/wp-json\/wp\/v2\/types\/product"}],"replies":[{"embeddable":true,"href":"https:\/\/vykmoquegua.com\/index.php\/wp-json\/wp\/v2\/comments?post=2182"}],"wp:featuredmedia":[{"embeddable":true,"href":"https:\/\/vykmoquegua.com\/index.php\/wp-json\/wp\/v2\/media\/2183"}],"wp:attachment":[{"href":"https:\/\/vykmoquegua.com\/index.php\/wp-json\/wp\/v2\/media?parent=2182"}],"wp:term":[{"taxonomy":"product_brand","embeddable":true,"href":"https:\/\/vykmoquegua.com\/index.php\/wp-json\/wp\/v2\/product_brand?post=2182"},{"taxonomy":"product_cat","embeddable":true,"href":"https:\/\/vykmoquegua.com\/index.php\/wp-json\/wp\/v2\/product_cat?post=2182"},{"taxonomy":"product_tag","embeddable":true,"href":"https:\/\/vykmoquegua.com\/index.php\/wp-json\/wp\/v2\/product_tag?post=2182"}],"curies":[{"name":"wp","href":"https:\/\/api.w.org\/{rel}","templated":true}]}}