{"id":2107,"date":"2020-07-08T00:30:31","date_gmt":"2020-07-08T00:30:31","guid":{"rendered":"http:\/\/vykmoquegua.com\/?post_type=product&#038;p=2107"},"modified":"2022-10-18T01:22:37","modified_gmt":"2022-10-18T01:22:37","slug":"lampara-de-exploracion","status":"publish","type":"product","link":"https:\/\/vykmoquegua.com\/index.php\/producto\/lampara-de-exploracion\/","title":{"rendered":"L\u00e1mpara de exploraci\u00f3n"},"content":{"rendered":"<p>Las l\u00e1mparas de exploraci\u00f3n de Riester se basan en la tecnolog\u00eda de iluminaci\u00f3n m\u00e1s moderna, con un control de calidad constante. Responden en todos los aspectos a los retos cl\u00ednicos del d\u00eda a d\u00eda y suponen una ayuda perfecta para el diagn\u00f3stico y el tratamiento.<\/p>\n<p>La l\u00e1mpara de exploraci\u00f3n flexible ri-magic LED ilumina de forma \u00f3ptima la zona de exploraci\u00f3n o el campo quir\u00fargico. La luz blanca enfocable LED ofrece mayor eficiencia en el diagn\u00f3stico. Tonalidades de color claramente diferenciables, constrastes intensos as\u00ed como una potente iluminaci\u00f3n facilitan y aceleran el diagn\u00f3stico. En comparaci\u00f3n con la l\u00e1mparas hal\u00f3genas y de xen\u00f3n, las l\u00e1mparas LED no dan calor a la iluminaci\u00f3n.<\/p>\n<p>El ri-magic LED est\u00e1 disponible como modelo de sobremesa, de pared o de pie. El modelo de pie se suministra con un pie especialmente estable, pesado y antiest\u00e1tico. Dos de las cinco ruedas pueden bloquearse. Los modelos de pared y de sobremesa pueden fijarse de forma r\u00e1pida y sencilla a todas las barras de pared habituales en las cl\u00ednicas.<\/p>\n<p>&#8211; La tecnolog\u00eda LED m\u00e1s moderna (228 lumen), potente y similar a la luz del d\u00eda, y por consiguiente ideal para exploraciones e intervenciones menores.<\/p>\n<p>&#8211; Vida \u00fatil de la l\u00e1mpara de hasta 50.000 horas, ya no es necesario cambiar la l\u00e1mpara.<\/p>\n<p>&#8211; Generaci\u00f3n de calor y p\u00e9rdida de energ\u00eda considerablemente menores.<\/p>\n<p>&#8211; Dispositivo de enfoque en la parte frontal del cabezal de la l\u00e1mpara para ajustar exactamente el tama\u00f1o del campo de exploraci\u00f3n iluminado.<\/p>\n<p>&#8211; El brazo especial altamente flexible de gran longitud puede flexionarse en todas direcciones, quedando la l\u00e1mpara en la posici\u00f3n elegida.<\/p>\n<p>&#8211; Mango de f\u00e1cil manejo con reostato para regulaci\u00f3n continua de la intensidad luminosa.<\/p>\n<p>&#8211; Fuente de alimentaci\u00f3n universal para 230V\/120V.<\/p>\n","protected":false},"excerpt":{"rendered":"<p>Marca Riester<\/p>\n","protected":false},"featured_media":2105,"comment_status":"open","ping_status":"closed","template":"","meta":{"site-sidebar-layout":"default","site-content-layout":"default","ast-site-content-layout":"default","site-content-style":"default","site-sidebar-style":"default","ast-global-header-display":"","ast-banner-title-visibility":"","ast-main-header-display":"","ast-hfb-above-header-display":"","ast-hfb-below-header-display":"","ast-hfb-mobile-header-display":"","site-post-title":"","ast-breadcrumbs-content":"","ast-featured-img":"","footer-sml-layout":"","ast-disable-related-posts":"","theme-transparent-header-meta":"default","adv-header-id-meta":"","stick-header-meta":"","header-above-stick-meta":"","header-main-stick-meta":"","header-below-stick-meta":"","astra-migrate-meta-layouts":"default","ast-page-background-enabled":"default","ast-page-background-meta":{"desktop":{"background-color":"var(--ast-global-color-4)","background-image":"","background-repeat":"repeat","background-position":"center center","background-size":"auto","background-attachment":"scroll","background-type":"","background-media":"","overlay-type":"","overlay-color":"","overlay-opacity":"","overlay-gradient":""},"tablet":{"background-color":"","background-image":"","background-repeat":"repeat","background-position":"center center","background-size":"auto","background-attachment":"scroll","background-type":"","background-media":"","overlay-type":"","overlay-color":"","overlay-opacity":"","overlay-gradient":""},"mobile":{"background-color":"","background-image":"","background-repeat":"repeat","background-position":"center center","background-size":"auto","background-attachment":"scroll","background-type":"","background-media":"","overlay-type":"","overlay-color":"","overlay-opacity":"","overlay-gradient":""}},"ast-content-background-meta":{"desktop":{"background-color":"var(--ast-global-color-5)","background-image":"","background-repeat":"repeat","background-position":"center center","background-size":"auto","background-attachment":"scroll","background-type":"","background-media":"","overlay-type":"","overlay-color":"","overlay-opacity":"","overlay-gradient":""},"tablet":{"background-color":"var(--ast-global-color-5)","background-image":"","background-repeat":"repeat","background-position":"center center","background-size":"auto","background-attachment":"scroll","background-type":"","background-media":"","overlay-type":"","overlay-color":"","overlay-opacity":"","overlay-gradient":""},"mobile":{"background-color":"var(--ast-global-color-5)","background-image":"","background-repeat":"repeat","background-position":"center center","background-size":"auto","background-attachment":"scroll","background-type":"","background-media":"","overlay-type":"","overlay-color":"","overlay-opacity":"","overlay-gradient":""}}},"product_brand":[],"product_cat":[22],"product_tag":[],"class_list":{"0":"post-2107","1":"product","2":"type-product","3":"status-publish","4":"has-post-thumbnail","6":"product_cat-equipo-medico","7":"desktop-align-left","8":"tablet-align-left","9":"mobile-align-left","11":"first","12":"outofstock","13":"sale","14":"shipping-taxable","15":"purchasable","16":"product-type-simple"},"_links":{"self":[{"href":"https:\/\/vykmoquegua.com\/index.php\/wp-json\/wp\/v2\/product\/2107","targetHints":{"allow":["GET"]}}],"collection":[{"href":"https:\/\/vykmoquegua.com\/index.php\/wp-json\/wp\/v2\/product"}],"about":[{"href":"https:\/\/vykmoquegua.com\/index.php\/wp-json\/wp\/v2\/types\/product"}],"replies":[{"embeddable":true,"href":"https:\/\/vykmoquegua.com\/index.php\/wp-json\/wp\/v2\/comments?post=2107"}],"wp:featuredmedia":[{"embeddable":true,"href":"https:\/\/vykmoquegua.com\/index.php\/wp-json\/wp\/v2\/media\/2105"}],"wp:attachment":[{"href":"https:\/\/vykmoquegua.com\/index.php\/wp-json\/wp\/v2\/media?parent=2107"}],"wp:term":[{"taxonomy":"product_brand","embeddable":true,"href":"https:\/\/vykmoquegua.com\/index.php\/wp-json\/wp\/v2\/product_brand?post=2107"},{"taxonomy":"product_cat","embeddable":true,"href":"https:\/\/vykmoquegua.com\/index.php\/wp-json\/wp\/v2\/product_cat?post=2107"},{"taxonomy":"product_tag","embeddable":true,"href":"https:\/\/vykmoquegua.com\/index.php\/wp-json\/wp\/v2\/product_tag?post=2107"}],"curies":[{"name":"wp","href":"https:\/\/api.w.org\/{rel}","templated":true}]}}