{"id":2100,"date":"2020-07-08T00:11:15","date_gmt":"2020-07-08T00:11:15","guid":{"rendered":"http:\/\/vykmoquegua.com\/?post_type=product&#038;p=2100"},"modified":"2022-08-01T18:53:17","modified_gmt":"2022-08-01T18:53:17","slug":"pulsioximetro-compacto-cms50d","status":"publish","type":"product","link":"https:\/\/vykmoquegua.com\/index.php\/producto\/pulsioximetro-compacto-cms50d\/","title":{"rendered":"Pulsiox\u00edmetro CONTEC CMS50D"},"content":{"rendered":"<p>El ox\u00edmetro del pulso de CMS50D es como sigue: La tecnolog\u00eda fotoel\u00e9ctrica de la inspecci\u00f3n de Oxyhemoglobin se adopta de acuerdo con la exploraci\u00f3n del pulso de la capacidad y la tecnolog\u00eda de registraci\u00f3n, el ox\u00edmetro del pulso puede ser utilizada en la medici\u00f3n de la saturaci\u00f3n del ox\u00edgeno del pulso y del pulso a trav\u00e9s del finger. El producto es conveniente para ser utilizada en familia, hospital, barra del ox\u00edgeno, atenci\u00f3n sanitaria de la comunidad, cuidado f\u00edsico en los deportes (puede ser utilizado antes o despu\u00e9s de hacer deportes, y no se recomienda para utilizar el dispositivo durante el proceso de tener deporte)<\/p>\n","protected":false},"excerpt":{"rendered":"<p>Marca Contec<\/p>\n","protected":false},"featured_media":2101,"comment_status":"open","ping_status":"closed","template":"","meta":{"site-sidebar-layout":"default","site-content-layout":"default","ast-site-content-layout":"default","site-content-style":"default","site-sidebar-style":"default","ast-global-header-display":"","ast-banner-title-visibility":"","ast-main-header-display":"","ast-hfb-above-header-display":"","ast-hfb-below-header-display":"","ast-hfb-mobile-header-display":"","site-post-title":"","ast-breadcrumbs-content":"","ast-featured-img":"","footer-sml-layout":"","ast-disable-related-posts":"","theme-transparent-header-meta":"default","adv-header-id-meta":"","stick-header-meta":"","header-above-stick-meta":"","header-main-stick-meta":"","header-below-stick-meta":"","astra-migrate-meta-layouts":"default","ast-page-background-enabled":"default","ast-page-background-meta":{"desktop":{"background-color":"var(--ast-global-color-4)","background-image":"","background-repeat":"repeat","background-position":"center center","background-size":"auto","background-attachment":"scroll","background-type":"","background-media":"","overlay-type":"","overlay-color":"","overlay-opacity":"","overlay-gradient":""},"tablet":{"background-color":"","background-image":"","background-repeat":"repeat","background-position":"center center","background-size":"auto","background-attachment":"scroll","background-type":"","background-media":"","overlay-type":"","overlay-color":"","overlay-opacity":"","overlay-gradient":""},"mobile":{"background-color":"","background-image":"","background-repeat":"repeat","background-position":"center center","background-size":"auto","background-attachment":"scroll","background-type":"","background-media":"","overlay-type":"","overlay-color":"","overlay-opacity":"","overlay-gradient":""}},"ast-content-background-meta":{"desktop":{"background-color":"var(--ast-global-color-5)","background-image":"","background-repeat":"repeat","background-position":"center center","background-size":"auto","background-attachment":"scroll","background-type":"","background-media":"","overlay-type":"","overlay-color":"","overlay-opacity":"","overlay-gradient":""},"tablet":{"background-color":"var(--ast-global-color-5)","background-image":"","background-repeat":"repeat","background-position":"center center","background-size":"auto","background-attachment":"scroll","background-type":"","background-media":"","overlay-type":"","overlay-color":"","overlay-opacity":"","overlay-gradient":""},"mobile":{"background-color":"var(--ast-global-color-5)","background-image":"","background-repeat":"repeat","background-position":"center center","background-size":"auto","background-attachment":"scroll","background-type":"","background-media":"","overlay-type":"","overlay-color":"","overlay-opacity":"","overlay-gradient":""}}},"product_brand":[],"product_cat":[22],"product_tag":[],"class_list":{"0":"post-2100","1":"product","2":"type-product","3":"status-publish","4":"has-post-thumbnail","6":"product_cat-equipo-medico","7":"desktop-align-left","8":"tablet-align-left","9":"mobile-align-left","11":"first","12":"outofstock","13":"sale","14":"shipping-taxable","15":"purchasable","16":"product-type-simple"},"_links":{"self":[{"href":"https:\/\/vykmoquegua.com\/index.php\/wp-json\/wp\/v2\/product\/2100","targetHints":{"allow":["GET"]}}],"collection":[{"href":"https:\/\/vykmoquegua.com\/index.php\/wp-json\/wp\/v2\/product"}],"about":[{"href":"https:\/\/vykmoquegua.com\/index.php\/wp-json\/wp\/v2\/types\/product"}],"replies":[{"embeddable":true,"href":"https:\/\/vykmoquegua.com\/index.php\/wp-json\/wp\/v2\/comments?post=2100"}],"wp:featuredmedia":[{"embeddable":true,"href":"https:\/\/vykmoquegua.com\/index.php\/wp-json\/wp\/v2\/media\/2101"}],"wp:attachment":[{"href":"https:\/\/vykmoquegua.com\/index.php\/wp-json\/wp\/v2\/media?parent=2100"}],"wp:term":[{"taxonomy":"product_brand","embeddable":true,"href":"https:\/\/vykmoquegua.com\/index.php\/wp-json\/wp\/v2\/product_brand?post=2100"},{"taxonomy":"product_cat","embeddable":true,"href":"https:\/\/vykmoquegua.com\/index.php\/wp-json\/wp\/v2\/product_cat?post=2100"},{"taxonomy":"product_tag","embeddable":true,"href":"https:\/\/vykmoquegua.com\/index.php\/wp-json\/wp\/v2\/product_tag?post=2100"}],"curies":[{"name":"wp","href":"https:\/\/api.w.org\/{rel}","templated":true}]}}