{"id":2030,"date":"2020-05-27T05:13:38","date_gmt":"2020-05-27T05:13:38","guid":{"rendered":"http:\/\/vykmoquegua.com\/?post_type=product&#038;p=2030"},"modified":"2022-10-18T01:23:39","modified_gmt":"2022-10-18T01:23:39","slug":"oximetro","status":"publish","type":"product","link":"https:\/\/vykmoquegua.com\/index.php\/producto\/oximetro\/","title":{"rendered":"OX\u00cdMETRO"},"content":{"rendered":"<p>El ox\u00edmetro de pulso es un dispositivo muy importante y com\u00fan para controlar el pulso del paciente, nivel de saturaci\u00f3n de ox\u00edgeno en la sangre (SpO2) y frecuencia del pulso como port\u00e1til, compacto, dispositivo de monitoreo fisiol\u00f3gico simple, confiable y duradero, pulso de mano.<\/p>\n<p>El ox\u00edmetro MD300M puede mejorar en gran medida la atenci\u00f3n al paciente. Se aplica ampliamente en Cl\u00ednica, hospital y organizaciones de medicina social, etc.<\/p>\n<p>ESPECIFICACIONES GENERALES: \u2022 La pantalla TFT de 2.8\u201d de alta resoluci\u00f3n muestra SpO2, PR, PI, forma de onda y barra de pulso. \u2022 Alarmas audibles y visuales ajustables; indicador de bater\u00eda. \u2022 Luz de fondo ajustable y voz. \u2022 127 configuraci\u00f3n de ID; Almacenamiento y revisi\u00f3n de datos de 72 horas. \u2022 Software MedView para an\u00e1lisis de datos. \u2022 USB o Bluetooth 2.0 (opcional) para transmisi\u00f3n de datos. \u2022 Muti-idioma (Men\u00fa): ingl\u00e9s, franc\u00e9s, alem\u00e1n, espa\u00f1ol, italiano, japon\u00e9s, ruso y chino.<\/p>\n<p>ESPECIFICACIONES TECNICAS:<\/p>\n<p>\u2022 Rango de pacientes: adulto, adolescente, ni\u00f1o y lactante. \u2022 SpO2: Rango de medici\u00f3n 70% &#8211; 100%. Resoluci\u00f3n 1%. \u2022 Precisi\u00f3n de la medici\u00f3n: Precisi\u00f3n del art\u00edculo:<\/p>\n<p>Sin movimiento: Adultos \u00b1 2 d\u00edgitos Pediatr\u00eda \u00b1 2 d\u00edgitos. Con Movimiento: (Fluke Simulador Index2 Nivel 2): Adultos \u00b1 3 d\u00edgitos Pediatr\u00eda \u00b1 3 d\u00edgitos. Baja perfusi\u00f3n: Adultos \u00b1 2 d\u00edgitos Pediatr\u00eda \u00b1 2 d\u00edgitos. Baja perfusi\u00f3n (Actuaci\u00f3n): PI = 0.1% \u00b1 3 d\u00edgitos.<\/p>\n<p>Fuente de alimentaci\u00f3n: Tipo: 3 pilas alcalinas AA \/ pilas Ni-MH o adaptador. Tiempo de funcionamiento de la bater\u00eda: trabaje durante aproximadamente 10 horas seguidas. Adaptador de CA Voltaje de entrada: CA 100 &#8211; 240V. Frecuencia de entrada: 50Hz &#8211; 60Hz. Voltaje de salida: DC 5V \u00b1 5%. Corriente de salida: 2A MAX. \u2022 Mec\u00e1nico: Dimensi\u00f3n 126 mm (L) * 60 mm (W) * 30 mm (H) \u00b1 3 mm Peso 195 g (sin incluir las bater\u00edas). \u2022 Clasificaci\u00f3n: Seg\u00fan el tipo de protecci\u00f3n contra descargas el\u00e9ctricas: equipos con alimentaci\u00f3n interna y equipo de clase II. Seg\u00fan el grado de protecci\u00f3n contra la entrada de agua: IPX1. \u2022 Requisitos ambientales: Temperatura de funcionamiento 0 \u2103 &#8211; 40 \u2103 Temperatura de almacenamiento -20 \u2103 &#8211; 70 \u2103. Operaci\u00f3n Humedad \u226480%, sin condensaci\u00f3n. Humedad de almacenamiento \u226493%, sin condensaci\u00f3n.<\/p>\n<p>Accesorios: \u2022 Accesorios est\u00e1ndar: Tres pilas alcalinas AA. Una sonda de dedo para adultos, modelo: M-50E. CD de software. Cable USB.<\/p>\n<p>\u2022 Accesorios Opcionales: Sonda de uni\u00f3n para pediatr\u00eda e infantil (Pedi\u00e1trica 15-45 Kg, Infantil 3-15 Kg), Modelo: M-50C. Sonda de dedo para pediatr\u00eda, Modelo: M-50B; Sonda blanda para pediatr\u00eda (pedi\u00e1trica 15-45 kg, infantil-15 Kg), modelo: M50H; Sonda blanda para adulto, modelo: M-50G; Sonda desechable, modelo: M50J; Soporte de cargador (con adaptador y cable USB).<\/p>\n","protected":false},"excerpt":{"rendered":"<p>OXIMETRO<\/p>\n<p>MARCA: CHOICE MMED<\/p>\n<p>MOD: MD300M<\/p>\n","protected":false},"featured_media":2031,"comment_status":"open","ping_status":"closed","template":"","meta":{"site-sidebar-layout":"default","site-content-layout":"default","ast-site-content-layout":"default","site-content-style":"default","site-sidebar-style":"default","ast-global-header-display":"","ast-banner-title-visibility":"","ast-main-header-display":"","ast-hfb-above-header-display":"","ast-hfb-below-header-display":"","ast-hfb-mobile-header-display":"","site-post-title":"","ast-breadcrumbs-content":"","ast-featured-img":"","footer-sml-layout":"","ast-disable-related-posts":"","theme-transparent-header-meta":"default","adv-header-id-meta":"","stick-header-meta":"","header-above-stick-meta":"","header-main-stick-meta":"","header-below-stick-meta":"","astra-migrate-meta-layouts":"default","ast-page-background-enabled":"default","ast-page-background-meta":{"desktop":{"background-color":"var(--ast-global-color-4)","background-image":"","background-repeat":"repeat","background-position":"center center","background-size":"auto","background-attachment":"scroll","background-type":"","background-media":"","overlay-type":"","overlay-color":"","overlay-opacity":"","overlay-gradient":""},"tablet":{"background-color":"","background-image":"","background-repeat":"repeat","background-position":"center center","background-size":"auto","background-attachment":"scroll","background-type":"","background-media":"","overlay-type":"","overlay-color":"","overlay-opacity":"","overlay-gradient":""},"mobile":{"background-color":"","background-image":"","background-repeat":"repeat","background-position":"center center","background-size":"auto","background-attachment":"scroll","background-type":"","background-media":"","overlay-type":"","overlay-color":"","overlay-opacity":"","overlay-gradient":""}},"ast-content-background-meta":{"desktop":{"background-color":"var(--ast-global-color-5)","background-image":"","background-repeat":"repeat","background-position":"center center","background-size":"auto","background-attachment":"scroll","background-type":"","background-media":"","overlay-type":"","overlay-color":"","overlay-opacity":"","overlay-gradient":""},"tablet":{"background-color":"var(--ast-global-color-5)","background-image":"","background-repeat":"repeat","background-position":"center center","background-size":"auto","background-attachment":"scroll","background-type":"","background-media":"","overlay-type":"","overlay-color":"","overlay-opacity":"","overlay-gradient":""},"mobile":{"background-color":"var(--ast-global-color-5)","background-image":"","background-repeat":"repeat","background-position":"center center","background-size":"auto","background-attachment":"scroll","background-type":"","background-media":"","overlay-type":"","overlay-color":"","overlay-opacity":"","overlay-gradient":""}}},"product_brand":[],"product_cat":[22],"product_tag":[],"class_list":{"0":"post-2030","1":"product","2":"type-product","3":"status-publish","4":"has-post-thumbnail","6":"product_cat-equipo-medico","7":"desktop-align-left","8":"tablet-align-left","9":"mobile-align-left","11":"first","12":"outofstock","13":"sale","14":"shipping-taxable","15":"purchasable","16":"product-type-simple"},"_links":{"self":[{"href":"https:\/\/vykmoquegua.com\/index.php\/wp-json\/wp\/v2\/product\/2030","targetHints":{"allow":["GET"]}}],"collection":[{"href":"https:\/\/vykmoquegua.com\/index.php\/wp-json\/wp\/v2\/product"}],"about":[{"href":"https:\/\/vykmoquegua.com\/index.php\/wp-json\/wp\/v2\/types\/product"}],"replies":[{"embeddable":true,"href":"https:\/\/vykmoquegua.com\/index.php\/wp-json\/wp\/v2\/comments?post=2030"}],"wp:featuredmedia":[{"embeddable":true,"href":"https:\/\/vykmoquegua.com\/index.php\/wp-json\/wp\/v2\/media\/2031"}],"wp:attachment":[{"href":"https:\/\/vykmoquegua.com\/index.php\/wp-json\/wp\/v2\/media?parent=2030"}],"wp:term":[{"taxonomy":"product_brand","embeddable":true,"href":"https:\/\/vykmoquegua.com\/index.php\/wp-json\/wp\/v2\/product_brand?post=2030"},{"taxonomy":"product_cat","embeddable":true,"href":"https:\/\/vykmoquegua.com\/index.php\/wp-json\/wp\/v2\/product_cat?post=2030"},{"taxonomy":"product_tag","embeddable":true,"href":"https:\/\/vykmoquegua.com\/index.php\/wp-json\/wp\/v2\/product_tag?post=2030"}],"curies":[{"name":"wp","href":"https:\/\/api.w.org\/{rel}","templated":true}]}}