{"id":2025,"date":"2020-05-27T05:00:18","date_gmt":"2020-05-27T05:00:18","guid":{"rendered":"http:\/\/vykmoquegua.com\/?post_type=product&#038;p=2025"},"modified":"2022-10-18T01:23:49","modified_gmt":"2022-10-18T01:23:49","slug":"glucometro","status":"publish","type":"product","link":"https:\/\/vykmoquegua.com\/index.php\/producto\/glucometro\/","title":{"rendered":"GLUC\u00d3METRO"},"content":{"rendered":"<div>Descripci\u00f3n<\/div>\n<div>-Brinda a las personas con diabetes seguridad y tranquilidad:<\/div>\n<div>&#8211; Dise\u00f1o peque\u00f1o y elegante, con botones de operaci\u00f3n en la parte superior del medidor.<\/div>\n<div>&#8211; Pantalla LCD grande, brillante y de f\u00e1cil lectura con retroiluminaci\u00f3n que permite usarlo en lugares oscuros.<\/div>\n<div>&#8211; F\u00e1cil de manejar, con aviso de cintas da\u00f1adas, minimizando las posibilidades de error.<\/div>\n<div>&#8211; Marcadores de glucosa post-prandial (antes y despu\u00e9s de las comidas).<\/div>\n<div>&#8211; 4 recordatorios de prueba personalizadas.<\/div>\n<div>&#8211; Peque\u00f1a muestra de sangre (s\u00f3lo 0,6 microlitros).<\/div>\n<div>-Permite ser usado en otros lugares del cuerpo, adem\u00e1s de los dedos,<\/div>\n<div>como por ejemplo el antebrazo.<\/div>\n<div>Tiempo de medici\u00f3n: 5 segundos.<\/div>\n<div>7, 14, 30 y 90 d\u00edas promedios de prueba.<\/div>\n<div>500 valores de memoria.<\/div>\n<div>-Potencia de la fuente back-up para el tiempo y la retenci\u00f3n de la fecha.<\/div>\n<div>-Transferencia de datos por infrarrojos (que permite pasar los datos del<\/div>\n<div>control al computador y hacer gr\u00e1ficos para la evaluaci\u00f3n de la terapia).<\/div>\n<div>Medidas: 4,3 x 6,9 x 2 cm (Largo x Ancho x Alto).<\/div>\n<div>&#8211; Vida de la pila: aproximadamente 1.000 an\u00e1lisis.<\/div>\n<div>-Encendido y apagado autom\u00e1tico: 90 segundos.<\/div>\n<div>-Suministro el\u00e9ctrico: (2) bater\u00edas de litio de 3V (CR2032).<\/div>\n<div><\/div>\n<div>EL paquete Incluye:<\/div>\n<div>1 Monitor de glicemia Accu-Chek Performa Nano.<\/div>\n<div>1 Lancetero Accu-Chek Fastclix.<\/div>\n<div>6 lancetas Accu-Chek Fasticlix.<\/div>\n<div>1 Frasco con 10 cintas reactivas Accu-Chek Performa.<\/div>\n<div>2 Bater\u00edas de litio de 3V (CR2032).<\/div>\n<div>1 Manual de instrucciones.<\/div>\n<div>1 Estuche blando para traslado y almacenamiento<\/div>\n<div>Condiciones de funcionamiento: 6\u00baC a 44\u00baC .<\/div>\n","protected":false},"excerpt":{"rendered":"<p>Delivery Gratuito &#8211; Local<\/p>\n","protected":false},"featured_media":2024,"comment_status":"open","ping_status":"closed","template":"","meta":{"site-sidebar-layout":"default","site-content-layout":"default","ast-site-content-layout":"default","site-content-style":"default","site-sidebar-style":"default","ast-global-header-display":"","ast-banner-title-visibility":"","ast-main-header-display":"","ast-hfb-above-header-display":"","ast-hfb-below-header-display":"","ast-hfb-mobile-header-display":"","site-post-title":"","ast-breadcrumbs-content":"","ast-featured-img":"","footer-sml-layout":"","ast-disable-related-posts":"","theme-transparent-header-meta":"default","adv-header-id-meta":"","stick-header-meta":"","header-above-stick-meta":"","header-main-stick-meta":"","header-below-stick-meta":"","astra-migrate-meta-layouts":"default","ast-page-background-enabled":"default","ast-page-background-meta":{"desktop":{"background-color":"var(--ast-global-color-4)","background-image":"","background-repeat":"repeat","background-position":"center center","background-size":"auto","background-attachment":"scroll","background-type":"","background-media":"","overlay-type":"","overlay-color":"","overlay-opacity":"","overlay-gradient":""},"tablet":{"background-color":"","background-image":"","background-repeat":"repeat","background-position":"center center","background-size":"auto","background-attachment":"scroll","background-type":"","background-media":"","overlay-type":"","overlay-color":"","overlay-opacity":"","overlay-gradient":""},"mobile":{"background-color":"","background-image":"","background-repeat":"repeat","background-position":"center center","background-size":"auto","background-attachment":"scroll","background-type":"","background-media":"","overlay-type":"","overlay-color":"","overlay-opacity":"","overlay-gradient":""}},"ast-content-background-meta":{"desktop":{"background-color":"var(--ast-global-color-5)","background-image":"","background-repeat":"repeat","background-position":"center center","background-size":"auto","background-attachment":"scroll","background-type":"","background-media":"","overlay-type":"","overlay-color":"","overlay-opacity":"","overlay-gradient":""},"tablet":{"background-color":"var(--ast-global-color-5)","background-image":"","background-repeat":"repeat","background-position":"center center","background-size":"auto","background-attachment":"scroll","background-type":"","background-media":"","overlay-type":"","overlay-color":"","overlay-opacity":"","overlay-gradient":""},"mobile":{"background-color":"var(--ast-global-color-5)","background-image":"","background-repeat":"repeat","background-position":"center center","background-size":"auto","background-attachment":"scroll","background-type":"","background-media":"","overlay-type":"","overlay-color":"","overlay-opacity":"","overlay-gradient":""}}},"product_brand":[],"product_cat":[22],"product_tag":[],"class_list":{"0":"post-2025","1":"product","2":"type-product","3":"status-publish","4":"has-post-thumbnail","6":"product_cat-equipo-medico","7":"desktop-align-left","8":"tablet-align-left","9":"mobile-align-left","11":"first","12":"outofstock","13":"sale","14":"shipping-taxable","15":"purchasable","16":"product-type-simple"},"_links":{"self":[{"href":"https:\/\/vykmoquegua.com\/index.php\/wp-json\/wp\/v2\/product\/2025","targetHints":{"allow":["GET"]}}],"collection":[{"href":"https:\/\/vykmoquegua.com\/index.php\/wp-json\/wp\/v2\/product"}],"about":[{"href":"https:\/\/vykmoquegua.com\/index.php\/wp-json\/wp\/v2\/types\/product"}],"replies":[{"embeddable":true,"href":"https:\/\/vykmoquegua.com\/index.php\/wp-json\/wp\/v2\/comments?post=2025"}],"wp:featuredmedia":[{"embeddable":true,"href":"https:\/\/vykmoquegua.com\/index.php\/wp-json\/wp\/v2\/media\/2024"}],"wp:attachment":[{"href":"https:\/\/vykmoquegua.com\/index.php\/wp-json\/wp\/v2\/media?parent=2025"}],"wp:term":[{"taxonomy":"product_brand","embeddable":true,"href":"https:\/\/vykmoquegua.com\/index.php\/wp-json\/wp\/v2\/product_brand?post=2025"},{"taxonomy":"product_cat","embeddable":true,"href":"https:\/\/vykmoquegua.com\/index.php\/wp-json\/wp\/v2\/product_cat?post=2025"},{"taxonomy":"product_tag","embeddable":true,"href":"https:\/\/vykmoquegua.com\/index.php\/wp-json\/wp\/v2\/product_tag?post=2025"}],"curies":[{"name":"wp","href":"https:\/\/api.w.org\/{rel}","templated":true}]}}