{"id":1977,"date":"2020-05-27T02:38:12","date_gmt":"2020-05-27T02:38:12","guid":{"rendered":"http:\/\/vykmoquegua.com\/?post_type=product&#038;p=1977"},"modified":"2025-12-07T00:16:32","modified_gmt":"2025-12-07T00:16:32","slug":"linterna-ri-pen-riester","status":"publish","type":"product","link":"https:\/\/vykmoquegua.com\/index.php\/producto\/linterna-ri-pen-riester\/","title":{"rendered":"LINTERNA RI-PEN\u00ae RIESTER"},"content":{"rendered":"<p>La luz LED constante, blanca y brillante ayuda a un diagn\u00f3stico m\u00e1s eficiente. La nueva tecnolog\u00eda LED mejora la fiabilidad de los instrumentos gracias a una vida \u00fatil prolongada de diodos LED y las pilas. Diagn\u00f3stico m\u00e1s eficiente con la luz natural LED. Bajos costos de mantenimiento por la larga vida \u00fatil de la LED y las bater\u00edas. MARCA: RIESTER PROCEDENCIA: ALEMANIA<\/p>\n<p>La linterna de diagn\u00f3stico ri-pen\u00ae es un modelo econ\u00f3mico para reconocimientos generales y de las pupilas.<\/p>\n<p>\u2713 Validaci\u00f3n fotobiol\u00f3gica para uso oft\u00e1lmico seg\u00fan EN 62471:2008. \u2713 Por lo tanto, ri-pen\u00ae puede f\u00e1cilmente ser utilizado para el examen de los ojos tambien. \u2713 3V LED (5.300 Kelvin \/ 40.000 Lux m\u00e1ximo) \u2713 Campo de iluminaci\u00f3n mejorado por medio de un rayo de luz central \u2713 Incluye 2 pilas AAA. \u2713 Carcasa de aluminio con pinza met\u00e1lica, desinfectable \u2713 Cierre de metal con enganche para la bata del m\u00e9dico. \u2713 Tiene la funci\u00f3n de encendido y apagado con un simple bot\u00f3n. \u2713 Se distribuye individualmente o en paquetes de 6 (todas del mismo color o de colores diferentes)<\/p>\n","protected":false},"excerpt":{"rendered":"<p>Delivery Gratuito &#8211; Local<\/p>\n","protected":false},"featured_media":1969,"comment_status":"open","ping_status":"closed","template":"","meta":{"site-sidebar-layout":"default","site-content-layout":"default","ast-site-content-layout":"default","site-content-style":"default","site-sidebar-style":"default","ast-global-header-display":"","ast-banner-title-visibility":"","ast-main-header-display":"","ast-hfb-above-header-display":"","ast-hfb-below-header-display":"","ast-hfb-mobile-header-display":"","site-post-title":"","ast-breadcrumbs-content":"","ast-featured-img":"","footer-sml-layout":"","ast-disable-related-posts":"","theme-transparent-header-meta":"default","adv-header-id-meta":"","stick-header-meta":"","header-above-stick-meta":"","header-main-stick-meta":"","header-below-stick-meta":"","astra-migrate-meta-layouts":"default","ast-page-background-enabled":"default","ast-page-background-meta":{"desktop":{"background-color":"var(--ast-global-color-4)","background-image":"","background-repeat":"repeat","background-position":"center center","background-size":"auto","background-attachment":"scroll","background-type":"","background-media":"","overlay-type":"","overlay-color":"","overlay-opacity":"","overlay-gradient":""},"tablet":{"background-color":"","background-image":"","background-repeat":"repeat","background-position":"center center","background-size":"auto","background-attachment":"scroll","background-type":"","background-media":"","overlay-type":"","overlay-color":"","overlay-opacity":"","overlay-gradient":""},"mobile":{"background-color":"","background-image":"","background-repeat":"repeat","background-position":"center center","background-size":"auto","background-attachment":"scroll","background-type":"","background-media":"","overlay-type":"","overlay-color":"","overlay-opacity":"","overlay-gradient":""}},"ast-content-background-meta":{"desktop":{"background-color":"var(--ast-global-color-5)","background-image":"","background-repeat":"repeat","background-position":"center center","background-size":"auto","background-attachment":"scroll","background-type":"","background-media":"","overlay-type":"","overlay-color":"","overlay-opacity":"","overlay-gradient":""},"tablet":{"background-color":"var(--ast-global-color-5)","background-image":"","background-repeat":"repeat","background-position":"center center","background-size":"auto","background-attachment":"scroll","background-type":"","background-media":"","overlay-type":"","overlay-color":"","overlay-opacity":"","overlay-gradient":""},"mobile":{"background-color":"var(--ast-global-color-5)","background-image":"","background-repeat":"repeat","background-position":"center center","background-size":"auto","background-attachment":"scroll","background-type":"","background-media":"","overlay-type":"","overlay-color":"","overlay-opacity":"","overlay-gradient":""}}},"product_brand":[],"product_cat":[22],"product_tag":[],"class_list":{"0":"post-1977","1":"product","2":"type-product","3":"status-publish","4":"has-post-thumbnail","6":"product_cat-equipo-medico","7":"desktop-align-left","8":"tablet-align-left","9":"mobile-align-left","11":"first","12":"outofstock","13":"sale","14":"shipping-taxable","15":"purchasable","16":"product-type-simple"},"_links":{"self":[{"href":"https:\/\/vykmoquegua.com\/index.php\/wp-json\/wp\/v2\/product\/1977","targetHints":{"allow":["GET"]}}],"collection":[{"href":"https:\/\/vykmoquegua.com\/index.php\/wp-json\/wp\/v2\/product"}],"about":[{"href":"https:\/\/vykmoquegua.com\/index.php\/wp-json\/wp\/v2\/types\/product"}],"replies":[{"embeddable":true,"href":"https:\/\/vykmoquegua.com\/index.php\/wp-json\/wp\/v2\/comments?post=1977"}],"wp:featuredmedia":[{"embeddable":true,"href":"https:\/\/vykmoquegua.com\/index.php\/wp-json\/wp\/v2\/media\/1969"}],"wp:attachment":[{"href":"https:\/\/vykmoquegua.com\/index.php\/wp-json\/wp\/v2\/media?parent=1977"}],"wp:term":[{"taxonomy":"product_brand","embeddable":true,"href":"https:\/\/vykmoquegua.com\/index.php\/wp-json\/wp\/v2\/product_brand?post=1977"},{"taxonomy":"product_cat","embeddable":true,"href":"https:\/\/vykmoquegua.com\/index.php\/wp-json\/wp\/v2\/product_cat?post=1977"},{"taxonomy":"product_tag","embeddable":true,"href":"https:\/\/vykmoquegua.com\/index.php\/wp-json\/wp\/v2\/product_tag?post=1977"}],"curies":[{"name":"wp","href":"https:\/\/api.w.org\/{rel}","templated":true}]}}