{"id":1975,"date":"2020-05-27T02:28:47","date_gmt":"2020-05-27T02:28:47","guid":{"rendered":"http:\/\/vykmoquegua.com\/?post_type=product&#038;p=1975"},"modified":"2022-10-18T01:25:50","modified_gmt":"2022-10-18T01:25:50","slug":"tensiometro-adulto","status":"publish","type":"product","link":"https:\/\/vykmoquegua.com\/index.php\/producto\/tensiometro-adulto\/","title":{"rendered":"TENSIOMETRO ANEROIDE MANUAL &#8211; RIESTER Adulto"},"content":{"rendered":"<p>Tensi\u00f3metro de dos tubos y con brazalete adaptado de alta calidad. exacta\u00ae: el Tensi\u00f3metro de dos tubos y con brazalete adaptado de<\/p>\n<p>Riester que viene con un firme carcasa met\u00e1lica ahora es m\u00e1s peque\u00f1o y m\u00e1s ligero que su predecesor.<\/p>\n<p>CARACTER\u00cdSTICAS<\/p>\n<ul>\n<li>Precisi\u00f3n duradera gracias al sistema de medici\u00f3n resistente a la presi\u00f3n y con muy poco desgaste con capacidad de hasta 600mmHg.<\/li>\n<li>Pinza met\u00e1lica inoxidable para enganchar el man\u00f3metro al brazalete.<\/li>\n<li>V\u00e1lvula de purga de alta precisi\u00f3n y sin desgaste con ajuste fino.<\/li>\n<li>Microfiltros que protegen la v\u00e1lvula de purga y el sistema de medici\u00f3n.<\/li>\n<li>Escala lineal de \u00f8 49 mm (1,9 pulgadas) de 0 a 300 mmHg.<\/li>\n<li>Tolerancia de errores m\u00e1xima de +\/- 2mmHg.<\/li>\n<li>Caja en metal lacado negro.<\/li>\n<li>Incluye funda de vinilo con cremallera.<\/li>\n<li>Brazalete de presi\u00f3n color negro.<\/li>\n<\/ul>\n","protected":false},"excerpt":{"rendered":"<ul>\n<li>MARCA: RIESTER<\/li>\n<li>MODELO: EXACTA \u2013 1350<\/li>\n<\/ul>\n<p>PROCEDENCIA: ALEMANIA<\/p>\n<p>Delivery Gratuito &#8211; Local<\/p>\n","protected":false},"featured_media":1966,"comment_status":"open","ping_status":"closed","template":"","meta":{"site-sidebar-layout":"default","site-content-layout":"default","ast-site-content-layout":"default","site-content-style":"default","site-sidebar-style":"default","ast-global-header-display":"","ast-banner-title-visibility":"","ast-main-header-display":"","ast-hfb-above-header-display":"","ast-hfb-below-header-display":"","ast-hfb-mobile-header-display":"","site-post-title":"","ast-breadcrumbs-content":"","ast-featured-img":"","footer-sml-layout":"","ast-disable-related-posts":"","theme-transparent-header-meta":"default","adv-header-id-meta":"","stick-header-meta":"","header-above-stick-meta":"","header-main-stick-meta":"","header-below-stick-meta":"","astra-migrate-meta-layouts":"default","ast-page-background-enabled":"default","ast-page-background-meta":{"desktop":{"background-color":"var(--ast-global-color-4)","background-image":"","background-repeat":"repeat","background-position":"center center","background-size":"auto","background-attachment":"scroll","background-type":"","background-media":"","overlay-type":"","overlay-color":"","overlay-opacity":"","overlay-gradient":""},"tablet":{"background-color":"","background-image":"","background-repeat":"repeat","background-position":"center center","background-size":"auto","background-attachment":"scroll","background-type":"","background-media":"","overlay-type":"","overlay-color":"","overlay-opacity":"","overlay-gradient":""},"mobile":{"background-color":"","background-image":"","background-repeat":"repeat","background-position":"center center","background-size":"auto","background-attachment":"scroll","background-type":"","background-media":"","overlay-type":"","overlay-color":"","overlay-opacity":"","overlay-gradient":""}},"ast-content-background-meta":{"desktop":{"background-color":"var(--ast-global-color-5)","background-image":"","background-repeat":"repeat","background-position":"center center","background-size":"auto","background-attachment":"scroll","background-type":"","background-media":"","overlay-type":"","overlay-color":"","overlay-opacity":"","overlay-gradient":""},"tablet":{"background-color":"var(--ast-global-color-5)","background-image":"","background-repeat":"repeat","background-position":"center center","background-size":"auto","background-attachment":"scroll","background-type":"","background-media":"","overlay-type":"","overlay-color":"","overlay-opacity":"","overlay-gradient":""},"mobile":{"background-color":"var(--ast-global-color-5)","background-image":"","background-repeat":"repeat","background-position":"center center","background-size":"auto","background-attachment":"scroll","background-type":"","background-media":"","overlay-type":"","overlay-color":"","overlay-opacity":"","overlay-gradient":""}}},"product_brand":[],"product_cat":[22],"product_tag":[],"class_list":{"0":"post-1975","1":"product","2":"type-product","3":"status-publish","4":"has-post-thumbnail","6":"product_cat-equipo-medico","7":"desktop-align-left","8":"tablet-align-left","9":"mobile-align-left","11":"first","12":"outofstock","13":"sale","14":"shipping-taxable","15":"purchasable","16":"product-type-simple"},"_links":{"self":[{"href":"https:\/\/vykmoquegua.com\/index.php\/wp-json\/wp\/v2\/product\/1975","targetHints":{"allow":["GET"]}}],"collection":[{"href":"https:\/\/vykmoquegua.com\/index.php\/wp-json\/wp\/v2\/product"}],"about":[{"href":"https:\/\/vykmoquegua.com\/index.php\/wp-json\/wp\/v2\/types\/product"}],"replies":[{"embeddable":true,"href":"https:\/\/vykmoquegua.com\/index.php\/wp-json\/wp\/v2\/comments?post=1975"}],"wp:featuredmedia":[{"embeddable":true,"href":"https:\/\/vykmoquegua.com\/index.php\/wp-json\/wp\/v2\/media\/1966"}],"wp:attachment":[{"href":"https:\/\/vykmoquegua.com\/index.php\/wp-json\/wp\/v2\/media?parent=1975"}],"wp:term":[{"taxonomy":"product_brand","embeddable":true,"href":"https:\/\/vykmoquegua.com\/index.php\/wp-json\/wp\/v2\/product_brand?post=1975"},{"taxonomy":"product_cat","embeddable":true,"href":"https:\/\/vykmoquegua.com\/index.php\/wp-json\/wp\/v2\/product_cat?post=1975"},{"taxonomy":"product_tag","embeddable":true,"href":"https:\/\/vykmoquegua.com\/index.php\/wp-json\/wp\/v2\/product_tag?post=1975"}],"curies":[{"name":"wp","href":"https:\/\/api.w.org\/{rel}","templated":true}]}}