{"id":1955,"date":"2020-05-27T01:25:35","date_gmt":"2020-05-27T01:25:35","guid":{"rendered":"http:\/\/vykmoquegua.com\/?post_type=product&#038;p=1955"},"modified":"2022-02-14T03:47:53","modified_gmt":"2022-02-14T03:47:53","slug":"termometro-infrarrojo-contec-pt-500","status":"publish","type":"product","link":"https:\/\/vykmoquegua.com\/index.php\/producto\/termometro-infrarrojo-contec-pt-500\/","title":{"rendered":"TERMOMETRO INFRARROJO &#8211;  CONTEC PT 500"},"content":{"rendered":"<ul>\n<li>Term\u00f3metro M\u00e9dico Infrarrojo, ideal para medir la temperatura corporal en ni\u00f1os y adultos sin contacto f\u00edsico.<\/li>\n<li>Medici\u00f3n r\u00e1pida y precisa en menos de 1 segundo<\/li>\n<li>Con tecnolog\u00eda avanzada infrarrojo.<\/li>\n<li>F\u00e1cil Lectura<\/li>\n<li>Apagado inteligente<\/li>\n<li>Control de consumo de energ\u00eda ultra bajo.<\/li>\n<li>Incluye certificado de Calibraci\u00f3n<\/li>\n<li>Recordatorio de bajo nivel de Energ\u00eda.<\/li>\n<li>Color de Pantalla LCD var\u00eda de acuerdo a la temperatura (Blanco, Naranjo, Rojo).<\/li>\n<li>Este equipo que no puede usarse en presencia de mezcla de plan gas anest\u00e9sico mable y aire o con ox\u00edgeno u \u00f3xido nitroso.<\/li>\n<li>Distancia de medici\u00f3n: se puede ajustar dentro de 5 ~ 15CM sin distancia de medici\u00f3n fija.<\/li>\n<li>Conversi\u00f3n de la unidad: utiliza Celsius y Fahrenheit para convertir entre si<\/li>\n<\/ul>\n","protected":false},"excerpt":{"rendered":"<p>Delivery Gratuito &#8211; Local<\/p>\n","protected":false},"featured_media":1956,"comment_status":"open","ping_status":"closed","template":"","meta":{"site-sidebar-layout":"default","site-content-layout":"default","ast-site-content-layout":"default","site-content-style":"default","site-sidebar-style":"default","ast-global-header-display":"","ast-banner-title-visibility":"","ast-main-header-display":"","ast-hfb-above-header-display":"","ast-hfb-below-header-display":"","ast-hfb-mobile-header-display":"","site-post-title":"","ast-breadcrumbs-content":"","ast-featured-img":"","footer-sml-layout":"","ast-disable-related-posts":"","theme-transparent-header-meta":"default","adv-header-id-meta":"","stick-header-meta":"","header-above-stick-meta":"","header-main-stick-meta":"","header-below-stick-meta":"","astra-migrate-meta-layouts":"default","ast-page-background-enabled":"default","ast-page-background-meta":{"desktop":{"background-color":"var(--ast-global-color-4)","background-image":"","background-repeat":"repeat","background-position":"center center","background-size":"auto","background-attachment":"scroll","background-type":"","background-media":"","overlay-type":"","overlay-color":"","overlay-opacity":"","overlay-gradient":""},"tablet":{"background-color":"","background-image":"","background-repeat":"repeat","background-position":"center center","background-size":"auto","background-attachment":"scroll","background-type":"","background-media":"","overlay-type":"","overlay-color":"","overlay-opacity":"","overlay-gradient":""},"mobile":{"background-color":"","background-image":"","background-repeat":"repeat","background-position":"center center","background-size":"auto","background-attachment":"scroll","background-type":"","background-media":"","overlay-type":"","overlay-color":"","overlay-opacity":"","overlay-gradient":""}},"ast-content-background-meta":{"desktop":{"background-color":"var(--ast-global-color-5)","background-image":"","background-repeat":"repeat","background-position":"center center","background-size":"auto","background-attachment":"scroll","background-type":"","background-media":"","overlay-type":"","overlay-color":"","overlay-opacity":"","overlay-gradient":""},"tablet":{"background-color":"var(--ast-global-color-5)","background-image":"","background-repeat":"repeat","background-position":"center center","background-size":"auto","background-attachment":"scroll","background-type":"","background-media":"","overlay-type":"","overlay-color":"","overlay-opacity":"","overlay-gradient":""},"mobile":{"background-color":"var(--ast-global-color-5)","background-image":"","background-repeat":"repeat","background-position":"center center","background-size":"auto","background-attachment":"scroll","background-type":"","background-media":"","overlay-type":"","overlay-color":"","overlay-opacity":"","overlay-gradient":""}}},"product_brand":[],"product_cat":[22],"product_tag":[],"class_list":{"0":"post-1955","1":"product","2":"type-product","3":"status-publish","4":"has-post-thumbnail","6":"product_cat-equipo-medico","7":"desktop-align-left","8":"tablet-align-left","9":"mobile-align-left","11":"first","12":"outofstock","13":"sale","14":"shipping-taxable","15":"purchasable","16":"product-type-simple"},"_links":{"self":[{"href":"https:\/\/vykmoquegua.com\/index.php\/wp-json\/wp\/v2\/product\/1955","targetHints":{"allow":["GET"]}}],"collection":[{"href":"https:\/\/vykmoquegua.com\/index.php\/wp-json\/wp\/v2\/product"}],"about":[{"href":"https:\/\/vykmoquegua.com\/index.php\/wp-json\/wp\/v2\/types\/product"}],"replies":[{"embeddable":true,"href":"https:\/\/vykmoquegua.com\/index.php\/wp-json\/wp\/v2\/comments?post=1955"}],"wp:featuredmedia":[{"embeddable":true,"href":"https:\/\/vykmoquegua.com\/index.php\/wp-json\/wp\/v2\/media\/1956"}],"wp:attachment":[{"href":"https:\/\/vykmoquegua.com\/index.php\/wp-json\/wp\/v2\/media?parent=1955"}],"wp:term":[{"taxonomy":"product_brand","embeddable":true,"href":"https:\/\/vykmoquegua.com\/index.php\/wp-json\/wp\/v2\/product_brand?post=1955"},{"taxonomy":"product_cat","embeddable":true,"href":"https:\/\/vykmoquegua.com\/index.php\/wp-json\/wp\/v2\/product_cat?post=1955"},{"taxonomy":"product_tag","embeddable":true,"href":"https:\/\/vykmoquegua.com\/index.php\/wp-json\/wp\/v2\/product_tag?post=1955"}],"curies":[{"name":"wp","href":"https:\/\/api.w.org\/{rel}","templated":true}]}}