{"id":1953,"date":"2020-05-27T01:09:07","date_gmt":"2020-05-27T01:09:07","guid":{"rendered":"http:\/\/vykmoquegua.com\/?post_type=product&#038;p=1953"},"modified":"2024-10-08T18:30:56","modified_gmt":"2024-10-08T18:30:56","slug":"estetoscopio-littman-adulto","status":"publish","type":"product","link":"https:\/\/vykmoquegua.com\/index.php\/producto\/estetoscopio-littman-adulto\/","title":{"rendered":"ESTETOSCOPIO LITTMAN &#8211; Adulto"},"content":{"rendered":"<p>El estetoscopio 3M \u2122 Littmann\u00ae Classic III \u2122 es la \u00faltima versi\u00f3n del estetoscopio que ayuda a millones de profesionales m\u00e9dicos a lograr lo mejor, ofrece alta sensibilidad ac\u00fastica para un rendimiento excepcional, adem\u00e1s de una vers\u00e1til campana de dos lados con diafragmas sintonizables.<\/p>\n<p>La tecnolog\u00eda de diafragma sintonizable, una invenci\u00f3n de 3M, permite a los m\u00e9dicos escuchar diferentes sonidos de frecuencia simplemente ajustando la presi\u00f3n sobre la campana. Sostenga la campana con ligera presi\u00f3n para escuchar sonidos de baja frecuencia; presione un poco m\u00e1s para escuchar sonidos de mayor frecuencia. Esta caracter\u00edstica de ahorro de tiempo permite que el proveedor de atenci\u00f3n m\u00e9dica se centre en el paciente, mientras que el diafragma no fr\u00edo proporciona comodidad al paciente.<\/p>\n<p>La tensi\u00f3n de los auriculares se ajusta f\u00e1cilmente para el tama\u00f1o de la cabeza y la comodidad apretando o separando las articulaciones.<\/p>\n<p>Las puntas herm\u00e9ticas de sellado suave se ajustan a las orejas individuales para un sellado ac\u00fastico excelente y un ajuste c\u00f3modo. Las orejas se ajustan con firmeza en los extremos de los tubos y, por seguridad, requieren un esfuerzo considerable para eliminarlos.<\/p>\n<p>La tuber\u00eda flexible de \u00faltima generaci\u00f3n conserva su forma y flexibilidad incluso despu\u00e9s de plegarse firmemente en un bolsillo.<\/p>\n<p>Detalles:<\/p>\n<ul>\n<li>La nueva generaci\u00f3n de binaurales proporciona una mayor duraci\u00f3n gracias a la resistencia a los \u00e1cidos grasos corporales y al alcohol; menor probabilidad de aparici\u00f3n de manchas.<\/li>\n<li>Membrana de pieza \u00fanica f\u00e1cil de aplicar y de limpiar gracias a la suavidad de su superficie sin fisuras.<\/li>\n<li>Campana de dos caras, la cara pedi\u00e1trica se puede utilizar abierta o con una segunda membrana de doble frecuencia.<\/li>\n<li>El lado peque\u00f1o (cuando incorpora la membrana) es \u00fatil para pacientes pedi\u00e1tricos, peque\u00f1os o delgados; alrededor de vendajes; y para valoraciones car\u00f3tidas.<\/li>\n<li>M\u00e1s sencillo para mantenerlo limpio: el lado peque\u00f1o de la campana no acumula suciedad cuando se cubre por la segunda membrana.<\/li>\n<li>La nueva generaci\u00f3n de binaurales es libre de phthalatos.<\/li>\n<li>Campana de acero inoxidable de gran precisi\u00f3n, con una forma menos angulada. Proporciona sonidos de baja o alta frecuencia en funci\u00f3n de la presi\u00f3n ejercida sobre ella.<\/li>\n<li>Olivas suaves para un sellado c\u00f3modo y adecuado. Los auriculares se ajustan f\u00e1cilmente al tama\u00f1o y confort de cada uno, simplemente tirando o presionando de los tubos.<\/li>\n<\/ul>\n","protected":false},"excerpt":{"rendered":"<p>Consulte su color disponible<\/p>\n<p>Delivery Gratuito &#8211; Local<\/p>\n<p>&nbsp;<\/p>\n","protected":false},"featured_media":1954,"comment_status":"open","ping_status":"closed","template":"","meta":{"site-sidebar-layout":"default","site-content-layout":"default","ast-site-content-layout":"default","site-content-style":"default","site-sidebar-style":"default","ast-global-header-display":"","ast-banner-title-visibility":"","ast-main-header-display":"","ast-hfb-above-header-display":"","ast-hfb-below-header-display":"","ast-hfb-mobile-header-display":"","site-post-title":"","ast-breadcrumbs-content":"","ast-featured-img":"","footer-sml-layout":"","ast-disable-related-posts":"","theme-transparent-header-meta":"default","adv-header-id-meta":"","stick-header-meta":"","header-above-stick-meta":"","header-main-stick-meta":"","header-below-stick-meta":"","astra-migrate-meta-layouts":"default","ast-page-background-enabled":"default","ast-page-background-meta":{"desktop":{"background-color":"var(--ast-global-color-4)","background-image":"","background-repeat":"repeat","background-position":"center center","background-size":"auto","background-attachment":"scroll","background-type":"","background-media":"","overlay-type":"","overlay-color":"","overlay-opacity":"","overlay-gradient":""},"tablet":{"background-color":"","background-image":"","background-repeat":"repeat","background-position":"center center","background-size":"auto","background-attachment":"scroll","background-type":"","background-media":"","overlay-type":"","overlay-color":"","overlay-opacity":"","overlay-gradient":""},"mobile":{"background-color":"","background-image":"","background-repeat":"repeat","background-position":"center center","background-size":"auto","background-attachment":"scroll","background-type":"","background-media":"","overlay-type":"","overlay-color":"","overlay-opacity":"","overlay-gradient":""}},"ast-content-background-meta":{"desktop":{"background-color":"var(--ast-global-color-5)","background-image":"","background-repeat":"repeat","background-position":"center center","background-size":"auto","background-attachment":"scroll","background-type":"","background-media":"","overlay-type":"","overlay-color":"","overlay-opacity":"","overlay-gradient":""},"tablet":{"background-color":"var(--ast-global-color-5)","background-image":"","background-repeat":"repeat","background-position":"center center","background-size":"auto","background-attachment":"scroll","background-type":"","background-media":"","overlay-type":"","overlay-color":"","overlay-opacity":"","overlay-gradient":""},"mobile":{"background-color":"var(--ast-global-color-5)","background-image":"","background-repeat":"repeat","background-position":"center center","background-size":"auto","background-attachment":"scroll","background-type":"","background-media":"","overlay-type":"","overlay-color":"","overlay-opacity":"","overlay-gradient":""}}},"product_brand":[],"product_cat":[22],"product_tag":[],"class_list":{"0":"post-1953","1":"product","2":"type-product","3":"status-publish","4":"has-post-thumbnail","6":"product_cat-equipo-medico","7":"desktop-align-left","8":"tablet-align-left","9":"mobile-align-left","11":"first","12":"outofstock","13":"sale","14":"shipping-taxable","15":"purchasable","16":"product-type-simple"},"_links":{"self":[{"href":"https:\/\/vykmoquegua.com\/index.php\/wp-json\/wp\/v2\/product\/1953","targetHints":{"allow":["GET"]}}],"collection":[{"href":"https:\/\/vykmoquegua.com\/index.php\/wp-json\/wp\/v2\/product"}],"about":[{"href":"https:\/\/vykmoquegua.com\/index.php\/wp-json\/wp\/v2\/types\/product"}],"replies":[{"embeddable":true,"href":"https:\/\/vykmoquegua.com\/index.php\/wp-json\/wp\/v2\/comments?post=1953"}],"wp:featuredmedia":[{"embeddable":true,"href":"https:\/\/vykmoquegua.com\/index.php\/wp-json\/wp\/v2\/media\/1954"}],"wp:attachment":[{"href":"https:\/\/vykmoquegua.com\/index.php\/wp-json\/wp\/v2\/media?parent=1953"}],"wp:term":[{"taxonomy":"product_brand","embeddable":true,"href":"https:\/\/vykmoquegua.com\/index.php\/wp-json\/wp\/v2\/product_brand?post=1953"},{"taxonomy":"product_cat","embeddable":true,"href":"https:\/\/vykmoquegua.com\/index.php\/wp-json\/wp\/v2\/product_cat?post=1953"},{"taxonomy":"product_tag","embeddable":true,"href":"https:\/\/vykmoquegua.com\/index.php\/wp-json\/wp\/v2\/product_tag?post=1953"}],"curies":[{"name":"wp","href":"https:\/\/api.w.org\/{rel}","templated":true}]}}